{"id":443,"date":"2016-09-19T15:56:11","date_gmt":"2016-09-19T13:56:11","guid":{"rendered":"http:\/\/hotelrenesse.wpengine.com\/de\/?page_id=443"},"modified":"2024-02-01T11:03:46","modified_gmt":"2024-02-01T09:03:46","slug":"standort","status":"publish","type":"page","link":"https:\/\/www.badhotelrenesse.nl\/de\/standort\/","title":{"rendered":"Standort"},"content":{"rendered":"<div   class='avia-fullscreen-slider main_color   avia-builder-el-0  el_before_av_section  avia-builder-el-first  container_wrap fullsize'  ><a href='#next-section' title='' class='scroll-down-link av-control-minimal' aria-hidden='true' data-av_icon='\ue877' data-av_iconfont='entypo-fontello'><\/a><div  class='avia-slideshow av-3i17uj-9bfc5cf35c5cab08121a7f8d7736c639 av-control-minimal avia-slideshow-extra_large av_fullscreen avia-slide-slider av-slider-scroll-down-active av-default-height-applied   avia-slideshow-1'  data-size='extra_large'  data-lightbox_size='large'  data-animation='slide'  data-conditional_play=''  data-ids='78,87'  data-video_counter='0'  data-autoplay='false'  data-bg_slider='true'  data-slide_height='100'  data-handle='av_fullscreen'  data-interval='5'  data-class=''  data-extra_class=' '  data-el_id=''  data-css_id='fullscreen_slider_1'  data-scroll_down='aviaTBscroll_down'  data-control_layout='av-control-minimal'  data-custom_markup=''  data-perma_caption=''  data-autoplay_stopper=''  data-image_attachment=''  data-min_height='0px'  data-lazy_loading='disabled'  data-default-height='66.6666666667'  data-img_scrset=''  data-av-desktop-hide=''  data-av-medium-hide=''  data-av-small-hide=''  data-av-mini-hide=''  data-id=''  data-custom_class=''  data-template_class=''  data-av_uid='av-3i17uj'  data-sc_version='1.0'  data-stretch=''  data-heading_tag=''  data-heading_class=''   itemprop=\"image\" itemscope=\"itemscope\" itemtype=\"https:\/\/schema.org\/ImageObject\" ><ul class='avia-slideshow-inner ' style='padding-bottom: 66.6666666667%;'><li style='background-position:center center;' data-img-url='https:\/\/www.badhotelrenesse.nl\/wp-content\/uploads\/2016\/06\/Tow-Church-Final-1500x1000.jpg' class='avia-slideshow-slide av-3i17uj-9bfc5cf35c5cab08121a7f8d7736c639__0  slide-1 ' ><div data-rel='slideshow-1' class='avia-slide-wrap '   ><div class='av-slideshow-caption av-3i17uj-9bfc5cf35c5cab08121a7f8d7736c639__0 caption_fullwidth caption_center caption_center_framed caption_framed'><div class=\"container caption_container\"><div class=\"slideshow_caption\"><div class=\"slideshow_inner_caption\"><div class=\"slideshow_align_caption\"><h2 class='avia-caption-title '  itemprop=\"name\" >IM ZENTRUM VON RENESSE GELEGEN<\/h2><\/div><\/div><\/div><\/div><\/div><\/div><\/li><li style='background-position:center center;' data-img-url='https:\/\/www.badhotelrenesse.nl\/wp-content\/uploads\/2016\/06\/Beach-Cabins-2-Final-1500x1000.jpg' class='avia-slideshow-slide av-3i17uj-9bfc5cf35c5cab08121a7f8d7736c639__1  slide-2 ' ><div data-rel='slideshow-1' class='avia-slide-wrap '   ><div class='av-slideshow-caption av-3i17uj-9bfc5cf35c5cab08121a7f8d7736c639__1 caption_fullwidth caption_center caption_center_framed caption_framed'><div class=\"container caption_container\"><div class=\"slideshow_caption\"><div class=\"slideshow_inner_caption\"><div class=\"slideshow_align_caption\"><h2 class='avia-caption-title '  itemprop=\"name\" >STRAND IN 500 METERN ENTFERNUNG<\/h2><\/div><\/div><\/div><\/div><\/div><\/div><\/li><\/ul><div class='avia-slideshow-arrows avia-slideshow-controls' ><a href='#prev' class='prev-slide ' aria-hidden='true' data-av_icon='\ue87c' data-av_iconfont='entypo-fontello'  tabindex='-1'>Previous<\/a><a href='#next' class='next-slide ' aria-hidden='true' data-av_icon='\ue87d' data-av_iconfont='entypo-fontello'  tabindex='-1'>Next<\/a><\/div><div class='avia-slideshow-dots avia-slideshow-controls'><a href='#1' class='goto-slide active' >1<\/a><a href='#2' class='goto-slide ' >2<\/a><\/div><\/div><\/div>\n<div id='intro'  class='avia-section av-32p4uj-2e7ebc2b928299f7122fd612e8385254 main_color avia-section-no-padding avia-no-border-styling  avia-builder-el-1  el_after_av_fullscreen  el_before_av_section  edgeindex avia-bg-style-scroll container_wrap fullsize'  ><div class='container av-section-cont-open' ><div class='template-page content  av-content-full alpha units'><div class='post-entry post-entry-type-page post-entry-443'><div class='entry-content-wrapper clearfix'>\n<div class='flex_column_table av-2ul61n-07c188ed31311f0f07197e1d0d7a63af sc-av_one_fourth av-equal-height-column-flextable'>\n<style type=\"text\/css\" data-created_by=\"avia_inline_auto\" id=\"style-css-av-2ul61n-07c188ed31311f0f07197e1d0d7a63af\">\n.flex_column.av-2ul61n-07c188ed31311f0f07197e1d0d7a63af{\nborder-radius:0px 0px 0px 0px;\n-webkit-border-radius:0px 0px 0px 0px;\n-moz-border-radius:0px 0px 0px 0px;\n}\n<\/style>\n<div class='flex_column av-2ul61n-07c188ed31311f0f07197e1d0d7a63af av_one_fourth  avia-builder-el-2  el_before_av_one_half  avia-builder-el-first  first no_margin flex_column_table_cell av-equal-height-column av-align-top av-zero-column-padding '   ><\/div>\n<style type=\"text\/css\" data-created_by=\"avia_inline_auto\" id=\"style-css-av-2phdj7-2d022668ba7275500619f010be1085e5\">\n.flex_column.av-2phdj7-2d022668ba7275500619f010be1085e5{\nborder-radius:10px 10px 10px 10px;\n-webkit-border-radius:10px 10px 10px 10px;\n-moz-border-radius:10px 10px 10px 10px;\npadding:20px 20px 20px 20px;\n}\n<\/style>\n<div class='flex_column av-2phdj7-2d022668ba7275500619f010be1085e5 av_one_half  avia-builder-el-3  el_after_av_one_fourth  el_before_av_one_fourth  introheadertekst no_margin flex_column_table_cell av-equal-height-column av-align-top '   ><section  class='av_textblock_section av-9ia3n-c05c70c9bd6609de98b08c648afcdae0'  itemscope=\"itemscope\" itemtype=\"https:\/\/schema.org\/CreativeWork\" ><div class='avia_textblock introblok'  itemprop=\"text\" ><h1 style=\"text-align: center;\">Standort<\/h1>\n<\/div><\/section><\/div>\n<style type=\"text\/css\" data-created_by=\"avia_inline_auto\" id=\"style-css-av-2fr2f7-69e68f6871e59d0e105b2fb6bc2bb80d\">\n.flex_column.av-2fr2f7-69e68f6871e59d0e105b2fb6bc2bb80d{\nborder-radius:0px 0px 0px 0px;\n-webkit-border-radius:0px 0px 0px 0px;\n-moz-border-radius:0px 0px 0px 0px;\n}\n<\/style>\n<div class='flex_column av-2fr2f7-69e68f6871e59d0e105b2fb6bc2bb80d av_one_fourth  avia-builder-el-5  el_after_av_one_half  avia-builder-el-last  no_margin flex_column_table_cell av-equal-height-column av-align-top av-zero-column-padding '   ><\/div><\/div><!--close column table wrapper. Autoclose: 1 -->\n\n<\/div><\/div><\/div><!-- close content main div --><\/div><\/div><div id='av_section_2'  class='avia-section av-2b9s3f-9d76fb9be3e98691dc86c528fafd2fb2 main_color avia-section-small avia-no-border-styling  avia-builder-el-6  el_after_av_section  avia-builder-el-last  avia-bg-style-scroll container_wrap fullsize'  ><div class='container av-section-cont-open' ><div class='template-page content  av-content-full alpha units'><div class='post-entry post-entry-type-page post-entry-443'><div class='entry-content-wrapper clearfix'>\n<div class='flex_column_table av-24y6f7-54fbc1aca0854be0388be157fe624a55 sc-av_one_half av-equal-height-column-flextable'>\n<style type=\"text\/css\" data-created_by=\"avia_inline_auto\" id=\"style-css-av-24y6f7-54fbc1aca0854be0388be157fe624a55\">\n#top .flex_column_table.av-equal-height-column-flextable.av-24y6f7-54fbc1aca0854be0388be157fe624a55{\nmargin-top:10px;\nmargin-bottom:0px;\n}\n.flex_column.av-24y6f7-54fbc1aca0854be0388be157fe624a55{\nborder-radius:0px 0px 0px 0px;\n-webkit-border-radius:0px 0px 0px 0px;\n-moz-border-radius:0px 0px 0px 0px;\nbackground:url(https:\/\/www.badhotelrenesse.nl\/wp-content\/uploads\/2016\/06\/Beach-Horses-2-final.jpg) 50% 50% no-repeat scroll ;\n}\n<\/style>\n<div class='flex_column av-24y6f7-54fbc1aca0854be0388be157fe624a55 av_one_half  avia-builder-el-7  el_before_av_one_half  avia-builder-el-first  fotoblok first no_margin flex_column_table_cell av-equal-height-column av-align-middle av-zero-column-padding avia-full-stretch '   ><\/div>\n<style type=\"text\/css\" data-created_by=\"avia_inline_auto\" id=\"style-css-av-1xj6jf-da16192db78e6b5a547d8b67a53c16d5\">\n#top .flex_column_table.av-equal-height-column-flextable.av-1xj6jf-da16192db78e6b5a547d8b67a53c16d5{\nmargin-top:10px;\nmargin-bottom:0px;\n}\n.flex_column.av-1xj6jf-da16192db78e6b5a547d8b67a53c16d5{\nborder-radius:0px 0px 0px 0px;\n-webkit-border-radius:0px 0px 0px 0px;\n-moz-border-radius:0px 0px 0px 0px;\npadding:20px 50px 20px 50px;\nbackground-color:#95adb6;\n}\n<\/style>\n<div class='flex_column av-1xj6jf-da16192db78e6b5a547d8b67a53c16d5 av_one_half  avia-builder-el-8  el_after_av_one_half  el_before_av_one_half  no_margin flex_column_table_cell av-equal-height-column av-align-middle '   ><p>\n<style type=\"text\/css\" data-created_by=\"avia_inline_auto\" id=\"style-css-av-1sx3df-2a6860ceb2eb2b3d624c04ce3285e9bd\">\n#top .av-special-heading.av-1sx3df-2a6860ceb2eb2b3d624c04ce3285e9bd{\npadding-bottom:20px;\ncolor:#ffffff;\n}\nbody .av-special-heading.av-1sx3df-2a6860ceb2eb2b3d624c04ce3285e9bd .av-special-heading-tag .heading-char{\nfont-size:25px;\n}\n.av-special-heading.av-1sx3df-2a6860ceb2eb2b3d624c04ce3285e9bd .special-heading-inner-border{\nborder-color:#ffffff;\n}\n.av-special-heading.av-1sx3df-2a6860ceb2eb2b3d624c04ce3285e9bd .av-subheading{\nfont-size:15px;\n}\n<\/style>\n<div  class='av-special-heading av-1sx3df-2a6860ceb2eb2b3d624c04ce3285e9bd av-special-heading-h2 custom-color-heading blockquote modern-quote modern-centered  avia-builder-el-9  el_before_av_textblock  avia-builder-el-first '><h2 class='av-special-heading-tag'  itemprop=\"headline\"  >Ferien in Renesse,<br \/>\nZeeland<\/h2><div class=\"special-heading-border\"><div class=\"special-heading-inner-border\"><\/div><\/div><\/div><br \/>\n\n<style type=\"text\/css\" data-created_by=\"avia_inline_auto\" id=\"style-css-av-k5z0ycwg-81c8cc5502d7366a51231949c5aee368\">\n#top .av_textblock_section.av-k5z0ycwg-81c8cc5502d7366a51231949c5aee368 .avia_textblock{\ncolor:#ffffff;\n}\n<\/style>\n<section  class='av_textblock_section av-k5z0ycwg-81c8cc5502d7366a51231949c5aee368'  itemscope=\"itemscope\" itemtype=\"https:\/\/schema.org\/CreativeWork\" ><div class='avia_textblock av_inherit_color'  itemprop=\"text\" ><p>Zusammen einen langen Strandspaziergang machen, Radfahren und Wandern durch den Wald und die D\u00fcnen, Sonnenbaden am Strand und zwischendurch eine frische Abk\u00fchlung im Meer\u2026 das alles k\u00f6nnen Sie in Renesse erleben, dem idealen Badeort f\u00fcr Jung und Alt in Zeeland.\u00a0Badhotel Renesse ist 1000 Meter entfernt von einem der sch\u00f6nsten Str\u00e4nde der Niederlande.\u00a0Hier genie\u00dfen Sie den Komfort unseres Hotels und sind innerhalb von 15 Minuten in den D\u00fcnen und am Strand.<\/p>\n<\/div><\/section><br \/>\n<div  class='avia-button-wrap avia-button-center  avia-builder-el-11  el_after_av_textblock  avia-builder-el-last ' >\n<style type=\"text\/css\" data-created_by=\"avia_inline_auto\" id=\"style-css-av-1ii2ln-2be9c4261f24e370f4e470be27d78595\">\n#top #wrap_all .avia-button.av-1ii2ln-2be9c4261f24e370f4e470be27d78595{\nbackground-color:#ffffff;\nborder-color:#ffffff;\ncolor:#000000;\ntransition:all 0.4s ease-in-out;\n-webkit-transition:all 0.4s ease-in-out;\n-moz-transition:all 0.4s ease-in-out;\n-ms-transition:all 0.4s ease-in-out;\n-o-transition:all 0.4s ease-in-out;\n}\n<\/style>\n<a href='https:\/\/www.badhotelrenesse.nl\/de\/standort\/umgebung\/'  class='avia-button av-1ii2ln-2be9c4261f24e370f4e470be27d78595 avia-icon_select-no avia-size-medium avia-position-center' ><span class='avia_iconbox_title' >Was kann man in der Umgebung unternehmen?<\/span><\/a><\/div><\/p><\/div><\/div><!--close column table wrapper. Autoclose: 1 --><div class='flex_column_table av-iair-7ab1e19aeed2ec4cca6c717b55cd7fe6 sc-av_one_half av-equal-height-column-flextable'>\n<style type=\"text\/css\" data-created_by=\"avia_inline_auto\" id=\"style-css-av-iair-7ab1e19aeed2ec4cca6c717b55cd7fe6\">\n#top .flex_column_table.av-equal-height-column-flextable.av-iair-7ab1e19aeed2ec4cca6c717b55cd7fe6{\nmargin-top:10px;\nmargin-bottom:10px;\n}\n.flex_column.av-iair-7ab1e19aeed2ec4cca6c717b55cd7fe6{\nborder-radius:0px 0px 0px 0px;\n-webkit-border-radius:0px 0px 0px 0px;\n-moz-border-radius:0px 0px 0px 0px;\npadding:20px 20px 20px 20px;\nbackground-color:#ffffff;\n}\n<\/style>\n<div class='flex_column av-iair-7ab1e19aeed2ec4cca6c717b55cd7fe6 av_one_half  avia-builder-el-12  el_after_av_one_half  el_before_av_one_half  locatiekaart first no_margin flex_column_table_cell av-equal-height-column av-align-middle avia-full-stretch column-top-margin'   id=\"parkeren\"  ><\/div>\n<style type=\"text\/css\" data-created_by=\"avia_inline_auto\" id=\"style-css-av-y7hob-e176fc9d43620cacc820cf2762bc18d9\">\n#top .flex_column_table.av-equal-height-column-flextable.av-y7hob-e176fc9d43620cacc820cf2762bc18d9{\nmargin-top:10px;\nmargin-bottom:10px;\n}\n.flex_column.av-y7hob-e176fc9d43620cacc820cf2762bc18d9{\nborder-radius:0px 0px 0px 0px;\n-webkit-border-radius:0px 0px 0px 0px;\n-moz-border-radius:0px 0px 0px 0px;\npadding:50px 50px 50px 50px;\nbackground-color:#ffffff;\n}\n<\/style>\n<div class='flex_column av-y7hob-e176fc9d43620cacc820cf2762bc18d9 av_one_half  avia-builder-el-14  el_after_av_one_half  avia-builder-el-last  no_margin flex_column_table_cell av-equal-height-column av-align-middle column-top-margin'   ><p>\n<style type=\"text\/css\" data-created_by=\"avia_inline_auto\" id=\"style-css-av-smjvn-ca1cbf34348d021320c35d300d58adae\">\n#top .av-special-heading.av-smjvn-ca1cbf34348d021320c35d300d58adae{\npadding-bottom:20px;\n}\nbody .av-special-heading.av-smjvn-ca1cbf34348d021320c35d300d58adae .av-special-heading-tag .heading-char{\nfont-size:25px;\n}\n.av-special-heading.av-smjvn-ca1cbf34348d021320c35d300d58adae .av-subheading{\nfont-size:15px;\n}\n<\/style>\n<div  class='av-special-heading av-smjvn-ca1cbf34348d021320c35d300d58adae av-special-heading-h2 blockquote modern-quote modern-centered  avia-builder-el-15  el_before_av_textblock  avia-builder-el-first '><h2 class='av-special-heading-tag'  itemprop=\"headline\"  >ANFAHRT <span class='special_amp'>&amp;<\/span> PARKEN<\/h2><div class=\"special-heading-border\"><div class=\"special-heading-inner-border\"><\/div><\/div><\/div><br \/>\n<section  class='av_textblock_section av-j9n0r-76ad3f635ca3addbafbd56ed344d83ea'  itemscope=\"itemscope\" itemtype=\"https:\/\/schema.org\/CreativeWork\" ><div class='avia_textblock'  itemprop=\"text\" ><p>Vom 1. April bis 1. November gibt es in Renesse geb\u00fchrenpflichtiges Parken und auf dem Gel\u00e4nde des Badhotel Renesse geb\u00fchrenpflichtiges Parken. Bei Ihrer Ankunft k\u00f6nnen Sie Ihr Auto vor\u00fcbergehend und kostenfrei auf unserem Gel\u00e4nde parken, um Ihr Gep\u00e4ck auszuladen. So vermeiden Sie ein Bu\u00dfgeld, das Ihnen droht, wenn Sie das Auto am Stra\u00dfenrand geparkt haben.<\/p>\n<p>Nach dem Ausladen k\u00f6nnen Sie Ihr Auto auf dem Gel\u00e4nde des Badhotel Renesse und der Villa Westerduin f\u00fcr 16 \u20ac pro Nacht, je nach Verf\u00fcgbarkeit, parken. Auch das Parken auf dem angrenzenden Parkplatz an der La\u00f4ne ist m\u00f6glich. Hier gilt das geb\u00fchrenpflichtige Parken von Montag bis Samstag von 10 bis 18 Uhr und am Sonntag von 12 bis 18 Uhr. Die Bezahlung Ihres Stellplatzes in diesem Parkhaus ist an den vorhandenen Kassenautomaten m\u00f6glich.<\/p>\n<p>Kostenlose Parkpl\u00e4tze stehen 800 Meter vom Hotel entfernt am Transferium P+R am Roelandsweg 11 zur Verf\u00fcgung.<\/p>\n<\/div><\/section><br \/>\n\n<style type=\"text\/css\" data-created_by=\"avia_inline_auto\" id=\"style-css-av-cjw37-39a3432d0fdb82d7882ef7964bf3abdc\">\n#top .hr.hr-invisible.av-cjw37-39a3432d0fdb82d7882ef7964bf3abdc{\nheight:20px;\n}\n<\/style>\n<div  class='hr av-cjw37-39a3432d0fdb82d7882ef7964bf3abdc hr-invisible  avia-builder-el-17  el_after_av_textblock  el_before_av_button '><span class='hr-inner '><span class=\"hr-inner-style\"><\/span><\/span><\/div><br \/>\n<div  class='avia-button-wrap avia-button-center  avia-builder-el-18  el_after_av_hr  avia-builder-el-last ' >\n<style type=\"text\/css\" data-created_by=\"avia_inline_auto\" id=\"style-css-av-b2o6z-da1c12ec907c2786265f62a479ec689b\">\n#top #wrap_all .avia-button.av-b2o6z-da1c12ec907c2786265f62a479ec689b{\nbackground-color:#000000;\nborder-color:#000000;\ncolor:#ffffff;\ntransition:all 0.4s ease-in-out;\n-webkit-transition:all 0.4s ease-in-out;\n-moz-transition:all 0.4s ease-in-out;\n-ms-transition:all 0.4s ease-in-out;\n-o-transition:all 0.4s ease-in-out;\n}\n<\/style>\n<a href='https:\/\/www.badhotelrenesse.nl\/wp-content\/uploads\/2016\/07\/BadhotelRenesse_Routebeschrijving.pdf' class='avia-button av-b2o6z-da1c12ec907c2786265f62a479ec689b avia-icon_select-no avia-size-medium avia-position-center' target=\"_blank\" rel=\"noopener noreferrer\"><span class='avia_iconbox_title' >Anfart<\/span><\/a><\/div><\/p><\/div><\/div><!--close column table wrapper. Autoclose: 1 -->\n","protected":false},"excerpt":{"rendered":"","protected":false},"author":21,"featured_media":0,"parent":0,"menu_order":0,"comment_status":"closed","ping_status":"closed","template":"","meta":{"footnotes":""},"class_list":["post-443","page","type-page","status-publish","hentry"],"yoast_head":"<!-- This site is optimized with the Yoast SEO plugin v27.0 - https:\/\/yoast.com\/product\/yoast-seo-wordpress\/ -->\n<title>Standort - Badhotel Renesse<\/title>\n<meta name=\"description\" content=\"Badhotel Renesse befindet sich in 500 Metern Entfernung von einem der sch\u00f6nsten Str\u00e4nde der Niederlande.\" \/>\n<meta name=\"robots\" content=\"index, follow, max-snippet:-1, max-image-preview:large, max-video-preview:-1\" \/>\n<link rel=\"canonical\" href=\"https:\/\/www.badhotelrenesse.nl\/de\/standort\/\" \/>\n<meta property=\"og:locale\" content=\"de_DE\" \/>\n<meta property=\"og:type\" content=\"article\" \/>\n<meta property=\"og:title\" content=\"Standort - Badhotel Renesse\" \/>\n<meta property=\"og:description\" content=\"Badhotel Renesse befindet sich in 500 Metern Entfernung von einem der sch\u00f6nsten Str\u00e4nde der Niederlande.\" \/>\n<meta property=\"og:url\" content=\"https:\/\/www.badhotelrenesse.nl\/de\/standort\/\" \/>\n<meta property=\"og:site_name\" content=\"Badhotel Renesse\" \/>\n<meta property=\"article:publisher\" content=\"https:\/\/nl-nl.facebook.com\/badhotel.renesse\" \/>\n<meta property=\"article:modified_time\" content=\"2024-02-01T09:03:46+00:00\" \/>\n<meta name=\"twitter:card\" content=\"summary_large_image\" \/>\n<meta name=\"twitter:site\" content=\"@badhotelrenesse\" \/>\n<meta name=\"twitter:label1\" content=\"Est. reading time\" \/>\n\t<meta name=\"twitter:data1\" content=\"4 Minuten\" \/>\n<script type=\"application\/ld+json\" class=\"yoast-schema-graph\">{\"@context\":\"https:\/\/schema.org\",\"@graph\":[{\"@type\":\"WebPage\",\"@id\":\"https:\/\/www.badhotelrenesse.nl\/de\/standort\/\",\"url\":\"https:\/\/www.badhotelrenesse.nl\/de\/standort\/\",\"name\":\"Standort - Badhotel Renesse\",\"isPartOf\":{\"@id\":\"https:\/\/www.badhotelrenesse.nl\/de\/#website\"},\"datePublished\":\"2016-09-19T13:56:11+00:00\",\"dateModified\":\"2024-02-01T09:03:46+00:00\",\"description\":\"Badhotel Renesse befindet sich in 500 Metern Entfernung von einem der sch\u00f6nsten Str\u00e4nde der Niederlande.\",\"breadcrumb\":{\"@id\":\"https:\/\/www.badhotelrenesse.nl\/de\/standort\/#breadcrumb\"},\"inLanguage\":\"de-DE\",\"potentialAction\":[{\"@type\":\"ReadAction\",\"target\":[\"https:\/\/www.badhotelrenesse.nl\/de\/standort\/\"]}]},{\"@type\":\"BreadcrumbList\",\"@id\":\"https:\/\/www.badhotelrenesse.nl\/de\/standort\/#breadcrumb\",\"itemListElement\":[{\"@type\":\"ListItem\",\"position\":1,\"name\":\"Home\",\"item\":\"https:\/\/www.badhotelrenesse.nl\/de\/home\/\"},{\"@type\":\"ListItem\",\"position\":2,\"name\":\"Standort\"}]},{\"@type\":\"WebSite\",\"@id\":\"https:\/\/www.badhotelrenesse.nl\/de\/#website\",\"url\":\"https:\/\/www.badhotelrenesse.nl\/de\/\",\"name\":\"Badhotel Renesse\",\"description\":\"Hotel in Zeeland\",\"publisher\":{\"@id\":\"https:\/\/www.badhotelrenesse.nl\/de\/#organization\"},\"potentialAction\":[{\"@type\":\"SearchAction\",\"target\":{\"@type\":\"EntryPoint\",\"urlTemplate\":\"https:\/\/www.badhotelrenesse.nl\/de\/?s={search_term_string}\"},\"query-input\":{\"@type\":\"PropertyValueSpecification\",\"valueRequired\":true,\"valueName\":\"search_term_string\"}}],\"inLanguage\":\"de-DE\"},{\"@type\":\"Organization\",\"@id\":\"https:\/\/www.badhotelrenesse.nl\/de\/#organization\",\"name\":\"Badhotel Renesse\",\"url\":\"https:\/\/www.badhotelrenesse.nl\/de\/\",\"logo\":{\"@type\":\"ImageObject\",\"inLanguage\":\"de-DE\",\"@id\":\"https:\/\/www.badhotelrenesse.nl\/de\/#\/schema\/logo\/image\/\",\"url\":\"https:\/\/www.badhotelrenesse.nl\/wp-content\/uploads\/2016\/06\/Logo-Badhotel-Renesse-large.png\",\"contentUrl\":\"https:\/\/www.badhotelrenesse.nl\/wp-content\/uploads\/2016\/06\/Logo-Badhotel-Renesse-large.png\",\"width\":200,\"height\":200,\"caption\":\"Badhotel Renesse\"},\"image\":{\"@id\":\"https:\/\/www.badhotelrenesse.nl\/de\/#\/schema\/logo\/image\/\"},\"sameAs\":[\"https:\/\/nl-nl.facebook.com\/badhotel.renesse\",\"https:\/\/x.com\/badhotelrenesse\",\"http:\/\/www.youtube.com\/user\/badhotelrenesse\"]}]}<\/script>\n<!-- \/ Yoast SEO plugin. -->","yoast_head_json":{"title":"Standort - Badhotel Renesse","description":"Badhotel Renesse befindet sich in 500 Metern Entfernung von einem der sch\u00f6nsten Str\u00e4nde der Niederlande.","robots":{"index":"index","follow":"follow","max-snippet":"max-snippet:-1","max-image-preview":"max-image-preview:large","max-video-preview":"max-video-preview:-1"},"canonical":"https:\/\/www.badhotelrenesse.nl\/de\/standort\/","og_locale":"de_DE","og_type":"article","og_title":"Standort - Badhotel Renesse","og_description":"Badhotel Renesse befindet sich in 500 Metern Entfernung von einem der sch\u00f6nsten Str\u00e4nde der Niederlande.","og_url":"https:\/\/www.badhotelrenesse.nl\/de\/standort\/","og_site_name":"Badhotel Renesse","article_publisher":"https:\/\/nl-nl.facebook.com\/badhotel.renesse","article_modified_time":"2024-02-01T09:03:46+00:00","twitter_card":"summary_large_image","twitter_site":"@badhotelrenesse","twitter_misc":{"Est. reading time":"4 Minuten"},"schema":{"@context":"https:\/\/schema.org","@graph":[{"@type":"WebPage","@id":"https:\/\/www.badhotelrenesse.nl\/de\/standort\/","url":"https:\/\/www.badhotelrenesse.nl\/de\/standort\/","name":"Standort - Badhotel Renesse","isPartOf":{"@id":"https:\/\/www.badhotelrenesse.nl\/de\/#website"},"datePublished":"2016-09-19T13:56:11+00:00","dateModified":"2024-02-01T09:03:46+00:00","description":"Badhotel Renesse befindet sich in 500 Metern Entfernung von einem der sch\u00f6nsten Str\u00e4nde der Niederlande.","breadcrumb":{"@id":"https:\/\/www.badhotelrenesse.nl\/de\/standort\/#breadcrumb"},"inLanguage":"de-DE","potentialAction":[{"@type":"ReadAction","target":["https:\/\/www.badhotelrenesse.nl\/de\/standort\/"]}]},{"@type":"BreadcrumbList","@id":"https:\/\/www.badhotelrenesse.nl\/de\/standort\/#breadcrumb","itemListElement":[{"@type":"ListItem","position":1,"name":"Home","item":"https:\/\/www.badhotelrenesse.nl\/de\/home\/"},{"@type":"ListItem","position":2,"name":"Standort"}]},{"@type":"WebSite","@id":"https:\/\/www.badhotelrenesse.nl\/de\/#website","url":"https:\/\/www.badhotelrenesse.nl\/de\/","name":"Badhotel Renesse","description":"Hotel in Zeeland","publisher":{"@id":"https:\/\/www.badhotelrenesse.nl\/de\/#organization"},"potentialAction":[{"@type":"SearchAction","target":{"@type":"EntryPoint","urlTemplate":"https:\/\/www.badhotelrenesse.nl\/de\/?s={search_term_string}"},"query-input":{"@type":"PropertyValueSpecification","valueRequired":true,"valueName":"search_term_string"}}],"inLanguage":"de-DE"},{"@type":"Organization","@id":"https:\/\/www.badhotelrenesse.nl\/de\/#organization","name":"Badhotel Renesse","url":"https:\/\/www.badhotelrenesse.nl\/de\/","logo":{"@type":"ImageObject","inLanguage":"de-DE","@id":"https:\/\/www.badhotelrenesse.nl\/de\/#\/schema\/logo\/image\/","url":"https:\/\/www.badhotelrenesse.nl\/wp-content\/uploads\/2016\/06\/Logo-Badhotel-Renesse-large.png","contentUrl":"https:\/\/www.badhotelrenesse.nl\/wp-content\/uploads\/2016\/06\/Logo-Badhotel-Renesse-large.png","width":200,"height":200,"caption":"Badhotel Renesse"},"image":{"@id":"https:\/\/www.badhotelrenesse.nl\/de\/#\/schema\/logo\/image\/"},"sameAs":["https:\/\/nl-nl.facebook.com\/badhotel.renesse","https:\/\/x.com\/badhotelrenesse","http:\/\/www.youtube.com\/user\/badhotelrenesse"]}]}},"_links":{"self":[{"href":"https:\/\/www.badhotelrenesse.nl\/de\/wp-json\/wp\/v2\/pages\/443","targetHints":{"allow":["GET"]}}],"collection":[{"href":"https:\/\/www.badhotelrenesse.nl\/de\/wp-json\/wp\/v2\/pages"}],"about":[{"href":"https:\/\/www.badhotelrenesse.nl\/de\/wp-json\/wp\/v2\/types\/page"}],"author":[{"embeddable":true,"href":"https:\/\/www.badhotelrenesse.nl\/de\/wp-json\/wp\/v2\/users\/21"}],"replies":[{"embeddable":true,"href":"https:\/\/www.badhotelrenesse.nl\/de\/wp-json\/wp\/v2\/comments?post=443"}],"version-history":[{"count":0,"href":"https:\/\/www.badhotelrenesse.nl\/de\/wp-json\/wp\/v2\/pages\/443\/revisions"}],"wp:attachment":[{"href":"https:\/\/www.badhotelrenesse.nl\/de\/wp-json\/wp\/v2\/media?parent=443"}],"curies":[{"name":"wp","href":"https:\/\/api.w.org\/{rel}","templated":true}]}}