{"id":477,"date":"2016-09-20T09:55:07","date_gmt":"2016-09-20T07:55:07","guid":{"rendered":"http:\/\/hotelrenesse.wpengine.com\/de\/?page_id=477"},"modified":"2016-09-23T09:14:36","modified_gmt":"2016-09-23T07:14:36","slug":"stellenangebote","status":"publish","type":"page","link":"https:\/\/www.badhotelrenesse.nl\/de\/stellenangebote\/","title":{"rendered":"Stellenangebote"},"content":{"rendered":"<div   class='avia-fullscreen-slider main_color   avia-builder-el-0  el_before_av_section  avia-builder-el-first  container_wrap fullsize'  >\n<style type=\"text\/css\" data-created_by=\"avia_inline_auto\" id=\"style-css-av-av_fullscreen-ab928df88fa05929f652e93ee951ab87\">\n#top .avia-slideshow .av-slideshow-caption.av-av_fullscreen-ab928df88fa05929f652e93ee951ab87__0 .avia-caption-content{\nfont-size:28px;\n}\n#top .avia-slideshow .av-slideshow-caption.av-av_fullscreen-ab928df88fa05929f652e93ee951ab87__0 .avia-caption-content p{\nfont-size:28px;\n}\n<\/style>\n<a href='#next-section' title='' class='scroll-down-link av-control-minimal' aria-hidden='true' data-av_icon='\ue877' data-av_iconfont='entypo-fontello'><\/a><div  class='avia-slideshow av-av_fullscreen-ab928df88fa05929f652e93ee951ab87 av-control-minimal avia-slideshow-extra_large av_fullscreen avia-slide-slider av-slider-scroll-down-active av-default-height-applied   avia-slideshow-1'  data-size='extra_large'  data-lightbox_size='large'  data-animation='slide'  data-conditional_play=''  data-ids='66'  data-video_counter='0'  data-autoplay='false'  data-bg_slider='true'  data-slide_height='100'  data-handle='av_fullscreen'  data-interval='5'  data-class=''  data-extra_class=' '  data-el_id=''  data-css_id='fullscreen_slider_1'  data-scroll_down='aviaTBscroll_down'  data-control_layout='av-control-minimal'  data-custom_markup=''  data-perma_caption=''  data-autoplay_stopper=''  data-image_attachment=''  data-min_height='0px'  data-lazy_loading='disabled'  data-default-height='66.6666666667'  data-img_scrset=''  data-av-desktop-hide=''  data-av-medium-hide=''  data-av-small-hide=''  data-av-mini-hide=''  data-id=''  data-custom_class=''  data-template_class=''  data-av_uid=''  data-sc_version='1.0'  data-stretch=''  data-heading_tag=''  data-heading_class=''   itemprop=\"image\" itemscope=\"itemscope\" itemtype=\"https:\/\/schema.org\/ImageObject\" ><ul class='avia-slideshow-inner ' style='padding-bottom: 66.6666666667%;'><li style='background-position:center center;' data-img-url='https:\/\/www.badhotelrenesse.nl\/wp-content\/uploads\/2016\/06\/Cocktail-Final-1500x1000.jpg' class='avia-slideshow-slide av-av_fullscreen-ab928df88fa05929f652e93ee951ab87__0  av-single-slide slide-1 ' ><div data-rel='slideshow-1' class='avia-slide-wrap '   ><\/div><\/li><\/ul><\/div><\/div>\n<div id='intro'  class='avia-section av-av_section-d4208fc262991454a5c46f1c7d559b62 main_color avia-section-no-padding avia-no-border-styling  avia-builder-el-1  el_after_av_fullscreen  el_before_av_section  edgeindex avia-bg-style-scroll container_wrap fullsize'  ><div class='container av-section-cont-open' ><div class='template-page content  av-content-full alpha units'><div class='post-entry post-entry-type-page post-entry-477'><div class='entry-content-wrapper clearfix'>\n<div class='flex_column_table av-av_one_fourth-139bdc6aaf142d56801e1b289c1107d2 sc-av_one_fourth av-equal-height-column-flextable'>\n<style type=\"text\/css\" data-created_by=\"avia_inline_auto\" id=\"style-css-av-av_one_fourth-139bdc6aaf142d56801e1b289c1107d2\">\n.flex_column.av-av_one_fourth-139bdc6aaf142d56801e1b289c1107d2{\nborder-radius:0px 0px 0px 0px;\n-webkit-border-radius:0px 0px 0px 0px;\n-moz-border-radius:0px 0px 0px 0px;\n}\n<\/style>\n<div class='flex_column av-av_one_fourth-139bdc6aaf142d56801e1b289c1107d2 av_one_fourth  avia-builder-el-2  el_before_av_one_half  avia-builder-el-first  first no_margin flex_column_table_cell av-equal-height-column av-align-top av-zero-column-padding '   ><\/div>\n<style type=\"text\/css\" data-created_by=\"avia_inline_auto\" id=\"style-css-av-av_one_half-06963c655daf47ecd37205fbaf13ef05\">\n.flex_column.av-av_one_half-06963c655daf47ecd37205fbaf13ef05{\nborder-radius:10px 10px 10px 10px;\n-webkit-border-radius:10px 10px 10px 10px;\n-moz-border-radius:10px 10px 10px 10px;\npadding:20px 20px 20px 20px;\n}\n<\/style>\n<div class='flex_column av-av_one_half-06963c655daf47ecd37205fbaf13ef05 av_one_half  avia-builder-el-3  el_after_av_one_fourth  el_before_av_one_fourth  introheadertekst no_margin flex_column_table_cell av-equal-height-column av-align-top '   ><section  class='av_textblock_section av-av_textblock-62d75d64b3a9a1d14ec7632587428750'  itemscope=\"itemscope\" itemtype=\"https:\/\/schema.org\/CreativeWork\" ><div class='avia_textblock introblok'  itemprop=\"text\" ><h1 style=\"text-align: center;\">Stellenangebote<\/h1>\n<\/div><\/section><\/div>\n<style type=\"text\/css\" data-created_by=\"avia_inline_auto\" id=\"style-css-av-av_one_fourth-96b8b3e4602814b30fda83b599dc53bd\">\n.flex_column.av-av_one_fourth-96b8b3e4602814b30fda83b599dc53bd{\nborder-radius:0px 0px 0px 0px;\n-webkit-border-radius:0px 0px 0px 0px;\n-moz-border-radius:0px 0px 0px 0px;\n}\n<\/style>\n<div class='flex_column av-av_one_fourth-96b8b3e4602814b30fda83b599dc53bd av_one_fourth  avia-builder-el-5  el_after_av_one_half  avia-builder-el-last  no_margin flex_column_table_cell av-equal-height-column av-align-top av-zero-column-padding '   ><\/div><\/div><!--close column table wrapper. Autoclose: 1 --><\/div><\/div><\/div><!-- close content main div --><\/div><\/div><div id='av_section_2'  class='avia-section av-av_section-a59f1a4de48e50a42510ae43c12a4c70 main_color avia-section-small avia-no-border-styling  avia-builder-el-6  el_after_av_section  avia-builder-el-last  avia-bg-style-scroll container_wrap fullsize'  ><div class='container av-section-cont-open' ><div class='template-page content  av-content-full alpha units'><div class='post-entry post-entry-type-page post-entry-477'><div class='entry-content-wrapper clearfix'>\n\n<style type=\"text\/css\" data-created_by=\"avia_inline_auto\" id=\"style-css-av-av_two_third-31e4176295d280fd96259b8ac47b6503\">\n#top .flex_column.av-av_two_third-31e4176295d280fd96259b8ac47b6503{\nmargin-top:10px;\nmargin-bottom:0px;\n}\n.flex_column.av-av_two_third-31e4176295d280fd96259b8ac47b6503{\nborder-radius:0px 0px 0px 0px;\n-webkit-border-radius:0px 0px 0px 0px;\n-moz-border-radius:0px 0px 0px 0px;\npadding:30px 50px 30px 50px;\nbackground-color:#ffffff;\n}\n.responsive #top #wrap_all .flex_column.av-av_two_third-31e4176295d280fd96259b8ac47b6503{\nmargin-top:10px;\nmargin-bottom:0px;\n}\n<\/style>\n<div class='flex_column av-av_two_third-31e4176295d280fd96259b8ac47b6503 av_two_third  avia-builder-el-7  el_before_av_one_third  avia-builder-el-first  subpageblock1 first no_margin flex_column_div '   ><p><section  class='av_textblock_section av-av_textblock-35972167d9f102c5ddaec0c531c98b9e'  itemscope=\"itemscope\" itemtype=\"https:\/\/schema.org\/CreativeWork\" ><div class='avia_textblock'  itemprop=\"text\" ><p>Eine herausfordernde Arbeitsstelle in einer pulsierenden Umgebung! Badhotel Renesse ist ein stilvolles Hotel-Restaurant mit viel Liebe zum Detail.<br \/>\nSuchen Sie eine Arbeitsstelle f\u00fcr den kommenden Sommer? Reagieren Sie dann jetzt gleich!<\/p>\n<\/div><\/section><br \/>\n<section  class='av_textblock_section av-av_textblock-35972167d9f102c5ddaec0c531c98b9e'  itemscope=\"itemscope\" itemtype=\"https:\/\/schema.org\/CreativeWork\" ><div class='avia_textblock'  itemprop=\"text\" ><p><strong>Selbstst\u00e4ndig funktionierender Koch (m\/w): :<\/strong><\/p>\n<ul>\n<li>Sie kochen gerne die Sterne vom Himmel<\/li>\n<li>Sie haben Teamgeist und Gef\u00fchl f\u00fcr Qualit\u00e4t<\/li>\n<li>Sie sind kreativ und haben Gef\u00fchl f\u00fcr Geschmack<\/li>\n<\/ul>\n<\/div><\/section><br \/>\n<section  class='av_textblock_section av-av_textblock-35972167d9f102c5ddaec0c531c98b9e'  itemscope=\"itemscope\" itemtype=\"https:\/\/schema.org\/CreativeWork\" ><div class='avia_textblock'  itemprop=\"text\" ><p><strong>Personal in der Bedienung (auf Abruf) m\/w: <\/strong><\/p>\n<ul>\n<li>Sie haben Gef\u00fchl f\u00fcr Wining &amp; Dining<\/li>\n<li>Sie verstehen das Fach des Gastgebers\/der Gastgeberin<\/li>\n<\/ul>\n<\/div><\/section><br \/>\n<section  class='av_textblock_section av-av_textblock-35972167d9f102c5ddaec0c531c98b9e'  itemscope=\"itemscope\" itemtype=\"https:\/\/schema.org\/CreativeWork\" ><div class='avia_textblock'  itemprop=\"text\" ><p><strong>Personal f\u00fcr die Sp\u00fclk\u00fcche (auf Abruf) m\/w: <\/strong><\/p>\n<ul>\n<li>Sie sind vielseitig und flexibel<\/li>\n<li>Sie sind selbst\u00e4ndig und setzen sich gerne ein<\/li>\n<\/ul>\n<\/div><\/section><br \/>\n\n<style type=\"text\/css\" data-created_by=\"avia_inline_auto\" id=\"style-css-av-av_hr-628bae4eb3a56ca031c9e383e206c95c\">\n#top .hr.hr-invisible.av-av_hr-628bae4eb3a56ca031c9e383e206c95c{\nheight:20px;\n}\n<\/style>\n<div  class='hr av-av_hr-628bae4eb3a56ca031c9e383e206c95c hr-invisible  avia-builder-el-9  el_after_av_textblock  avia-builder-el-last '><span class='hr-inner '><span class=\"hr-inner-style\"><\/span><\/span><\/div><br \/>\n<div id='av-masonry-1' class='av-masonry av-av_masonry_gallery-8d314dac6a83987cda439cfb0ba3eef5 noHover av-flex-size av-no-gap av-hover-overlay-active av-masonry-animation-active av-masonry-col-flexible av-caption-always av-caption-style- av-masonry-gallery '><div class=\"av-masonry-container isotope av-js-disabled\"><div class='av-masonry-entry isotope-item av-masonry-item-no-image '><\/div><a href=\"https:\/\/www.badhotelrenesse.nl\/wp-content\/uploads\/2016\/07\/Keuken-5-1030x687.jpg\" data-srcset=\"https:\/\/www.badhotelrenesse.nl\/wp-content\/uploads\/2016\/07\/Keuken-5-1030x687.jpg 1030w, https:\/\/www.badhotelrenesse.nl\/wp-content\/uploads\/2016\/07\/Keuken-5-300x200.jpg 300w, https:\/\/www.badhotelrenesse.nl\/wp-content\/uploads\/2016\/07\/Keuken-5-768x512.jpg 768w, https:\/\/www.badhotelrenesse.nl\/wp-content\/uploads\/2016\/07\/Keuken-5.jpg 1500w, https:\/\/www.badhotelrenesse.nl\/wp-content\/uploads\/2016\/07\/Keuken-5-705x470.jpg 705w, https:\/\/www.badhotelrenesse.nl\/wp-content\/uploads\/2016\/07\/Keuken-5-450x300.jpg 450w\" data-sizes=\"(max-width: 1030px) 100vw, 1030px\"  aria-label=\"image Keuken BadHotel Renesse 5\"  id='av-masonry-1-item-2273' data-av-masonry-item='2273' class='av-masonry-entry isotope-item post-2273 attachment type-attachment status-inherit hentry  av-masonry-item-with-image' title=\"Keuken BadHotel Renesse 5\" alt=\"\"   itemprop=\"thumbnailUrl\" ><div class='av-inner-masonry-sizer'><\/div><figure class='av-inner-masonry main_color'><div class=\"av-masonry-outerimage-container\"><div class='av-masonry-image-container'   ><img decoding=\"async\" width=\"705\" height=\"470\" class=\"wp-image-2273 avia-img-lazy-loading-not-2273\"  src=\"https:\/\/www.badhotelrenesse.nl\/wp-content\/uploads\/2016\/07\/Keuken-5-705x470.jpg\" title=\"Keuken BadHotel Renesse 5\" alt=\"\" srcset=\"https:\/\/www.badhotelrenesse.nl\/wp-content\/uploads\/2016\/07\/Keuken-5-705x470.jpg 705w, https:\/\/www.badhotelrenesse.nl\/wp-content\/uploads\/2016\/07\/Keuken-5-300x200.jpg 300w, https:\/\/www.badhotelrenesse.nl\/wp-content\/uploads\/2016\/07\/Keuken-5-768x512.jpg 768w, https:\/\/www.badhotelrenesse.nl\/wp-content\/uploads\/2016\/07\/Keuken-5-1030x687.jpg 1030w, https:\/\/www.badhotelrenesse.nl\/wp-content\/uploads\/2016\/07\/Keuken-5.jpg 1500w, https:\/\/www.badhotelrenesse.nl\/wp-content\/uploads\/2016\/07\/Keuken-5-450x300.jpg 450w\" sizes=\"(max-width: 705px) 100vw, 705px\" \/><\/div><\/div><\/figure><\/a><!--end av-masonry entry--><a href=\"https:\/\/www.badhotelrenesse.nl\/wp-content\/uploads\/2016\/06\/Bar-sitting-Final-1030x687.jpg\" data-srcset=\"https:\/\/www.badhotelrenesse.nl\/wp-content\/uploads\/2016\/06\/Bar-sitting-Final-1030x687.jpg 1030w, https:\/\/www.badhotelrenesse.nl\/wp-content\/uploads\/2016\/06\/Bar-sitting-Final-300x200.jpg 300w, https:\/\/www.badhotelrenesse.nl\/wp-content\/uploads\/2016\/06\/Bar-sitting-Final-768x512.jpg 768w, https:\/\/www.badhotelrenesse.nl\/wp-content\/uploads\/2016\/06\/Bar-sitting-Final.jpg 1500w, https:\/\/www.badhotelrenesse.nl\/wp-content\/uploads\/2016\/06\/Bar-sitting-Final-705x470.jpg 705w, https:\/\/www.badhotelrenesse.nl\/wp-content\/uploads\/2016\/06\/Bar-sitting-Final-450x300.jpg 450w\" data-sizes=\"(max-width: 1030px) 100vw, 1030px\"  aria-label=\"image Bar Renesse, Zeeland\"  id='av-masonry-1-item-2174' data-av-masonry-item='2174' class='av-masonry-entry isotope-item post-2174 attachment type-attachment status-inherit hentry  av-masonry-item-with-image' title=\"Bar Renesse, Zeeland\" alt=\"\"   itemprop=\"thumbnailUrl\" ><div class='av-inner-masonry-sizer'><\/div><figure class='av-inner-masonry main_color'><div class=\"av-masonry-outerimage-container\"><div class='av-masonry-image-container'   ><img decoding=\"async\" width=\"705\" height=\"470\" class=\"wp-image-2174 avia-img-lazy-loading-not-2174\"  src=\"https:\/\/www.badhotelrenesse.nl\/wp-content\/uploads\/2016\/06\/Bar-sitting-Final-705x470.jpg\" title=\"Bar Renesse, Zeeland\" alt=\"\" srcset=\"https:\/\/www.badhotelrenesse.nl\/wp-content\/uploads\/2016\/06\/Bar-sitting-Final-705x470.jpg 705w, https:\/\/www.badhotelrenesse.nl\/wp-content\/uploads\/2016\/06\/Bar-sitting-Final-300x200.jpg 300w, https:\/\/www.badhotelrenesse.nl\/wp-content\/uploads\/2016\/06\/Bar-sitting-Final-768x512.jpg 768w, https:\/\/www.badhotelrenesse.nl\/wp-content\/uploads\/2016\/06\/Bar-sitting-Final-1030x687.jpg 1030w, https:\/\/www.badhotelrenesse.nl\/wp-content\/uploads\/2016\/06\/Bar-sitting-Final.jpg 1500w, https:\/\/www.badhotelrenesse.nl\/wp-content\/uploads\/2016\/06\/Bar-sitting-Final-450x300.jpg 450w\" sizes=\"(max-width: 705px) 100vw, 705px\" \/><\/div><\/div><\/figure><\/a><!--end av-masonry entry--><\/div><\/div><\/p><\/div>\n<style type=\"text\/css\" data-created_by=\"avia_inline_auto\" id=\"style-css-av-av_one_third-ae94e8201ee8aec216ee7f0df138b058\">\n#top .flex_column.av-av_one_third-ae94e8201ee8aec216ee7f0df138b058{\nmargin-top:10px;\nmargin-bottom:0px;\n}\n.flex_column.av-av_one_third-ae94e8201ee8aec216ee7f0df138b058{\nborder-radius:0px 0px 0px 0px;\n-webkit-border-radius:0px 0px 0px 0px;\n-moz-border-radius:0px 0px 0px 0px;\npadding:50px 50px 50px 50px;\nbackground-color:#95adb6;\n}\n.responsive #top #wrap_all .flex_column.av-av_one_third-ae94e8201ee8aec216ee7f0df138b058{\nmargin-top:10px;\nmargin-bottom:0px;\n}\n<\/style>\n<div class='flex_column av-av_one_third-ae94e8201ee8aec216ee7f0df138b058 av_one_third  avia-builder-el-10  el_after_av_two_third  el_before_av_two_third  subpageblock1 no_margin flex_column_div '   ><style type=\"text\/css\" data-created_by=\"avia_inline_auto\" id=\"style-css-av-av_textblock-e8931f3a3cb0ffe4e01460315f0ed18b\">\n#top .av_textblock_section.av-av_textblock-e8931f3a3cb0ffe4e01460315f0ed18b .avia_textblock{\ncolor:#ffffff;\n}\n<\/style>\n<section  class='av_textblock_section av-av_textblock-e8931f3a3cb0ffe4e01460315f0ed18b'  itemscope=\"itemscope\" itemtype=\"https:\/\/schema.org\/CreativeWork\" ><div class='avia_textblock av_inherit_color'  itemprop=\"text\" ><h3><strong>Nehmen Sie Kontakt mit uns auf! Nehmen Sie Kontakt mit uns auf!\u00a0<\/strong><\/h3>\n<p>Haben Sie noch Fragen zu unseren Stellenangeboten? Rufen Sie uns an: +31 (0)111 462 500<\/p>\n<p>Erkennen Sie sich in einem unserer Stellenprofile und m\u00f6chten Sie sich in unserem Team gerne einsetzen?<br \/>\nSchicken Sie uns dann gleich Ihr Bewerbungsschreiben mit Lebenslauf an: <a href=\"mailto:directie@badhotelrenesse.nl\">directie@badhotelrenesse.nl <\/a><br \/>\nOder schicken Sie Ihre Bewerbung mit der Post an: Badhotel Renesse, La\u00f4ne 2-6, 4325 EK, Renesse<br \/>\n(zu H\u00e4nden von Herrn O. Davidse).<\/p>\n<\/div><\/section><\/div><\/p>\n","protected":false},"excerpt":{"rendered":"","protected":false},"author":21,"featured_media":0,"parent":0,"menu_order":0,"comment_status":"closed","ping_status":"closed","template":"","meta":{"footnotes":""},"class_list":["post-477","page","type-page","status-publish","hentry"],"yoast_head":"<!-- This site is optimized with the Yoast SEO plugin v27.0 - https:\/\/yoast.com\/product\/yoast-seo-wordpress\/ -->\n<title>Stellenangebote - Badhotel Renesse<\/title>\n<meta name=\"robots\" content=\"index, follow, max-snippet:-1, max-image-preview:large, max-video-preview:-1\" \/>\n<link rel=\"canonical\" href=\"https:\/\/www.badhotelrenesse.nl\/de\/stellenangebote\/\" \/>\n<meta property=\"og:locale\" content=\"de_DE\" \/>\n<meta property=\"og:type\" content=\"article\" \/>\n<meta property=\"og:title\" content=\"Stellenangebote - Badhotel Renesse\" \/>\n<meta property=\"og:url\" content=\"https:\/\/www.badhotelrenesse.nl\/de\/stellenangebote\/\" \/>\n<meta property=\"og:site_name\" content=\"Badhotel Renesse\" \/>\n<meta property=\"article:publisher\" content=\"https:\/\/nl-nl.facebook.com\/badhotel.renesse\" \/>\n<meta property=\"article:modified_time\" content=\"2016-09-23T07:14:36+00:00\" \/>\n<meta name=\"twitter:card\" content=\"summary_large_image\" \/>\n<meta name=\"twitter:site\" content=\"@badhotelrenesse\" \/>\n<meta name=\"twitter:label1\" content=\"Est. reading time\" \/>\n\t<meta name=\"twitter:data1\" content=\"5 Minuten\" \/>\n<script type=\"application\/ld+json\" class=\"yoast-schema-graph\">{\"@context\":\"https:\/\/schema.org\",\"@graph\":[{\"@type\":\"WebPage\",\"@id\":\"https:\/\/www.badhotelrenesse.nl\/de\/stellenangebote\/\",\"url\":\"https:\/\/www.badhotelrenesse.nl\/de\/stellenangebote\/\",\"name\":\"Stellenangebote - Badhotel Renesse\",\"isPartOf\":{\"@id\":\"https:\/\/www.badhotelrenesse.nl\/de\/#website\"},\"datePublished\":\"2016-09-20T07:55:07+00:00\",\"dateModified\":\"2016-09-23T07:14:36+00:00\",\"breadcrumb\":{\"@id\":\"https:\/\/www.badhotelrenesse.nl\/de\/stellenangebote\/#breadcrumb\"},\"inLanguage\":\"de-DE\",\"potentialAction\":[{\"@type\":\"ReadAction\",\"target\":[\"https:\/\/www.badhotelrenesse.nl\/de\/stellenangebote\/\"]}]},{\"@type\":\"BreadcrumbList\",\"@id\":\"https:\/\/www.badhotelrenesse.nl\/de\/stellenangebote\/#breadcrumb\",\"itemListElement\":[{\"@type\":\"ListItem\",\"position\":1,\"name\":\"Home\",\"item\":\"https:\/\/www.badhotelrenesse.nl\/de\/home\/\"},{\"@type\":\"ListItem\",\"position\":2,\"name\":\"Stellenangebote\"}]},{\"@type\":\"WebSite\",\"@id\":\"https:\/\/www.badhotelrenesse.nl\/de\/#website\",\"url\":\"https:\/\/www.badhotelrenesse.nl\/de\/\",\"name\":\"Badhotel Renesse\",\"description\":\"Hotel in Zeeland\",\"publisher\":{\"@id\":\"https:\/\/www.badhotelrenesse.nl\/de\/#organization\"},\"potentialAction\":[{\"@type\":\"SearchAction\",\"target\":{\"@type\":\"EntryPoint\",\"urlTemplate\":\"https:\/\/www.badhotelrenesse.nl\/de\/?s={search_term_string}\"},\"query-input\":{\"@type\":\"PropertyValueSpecification\",\"valueRequired\":true,\"valueName\":\"search_term_string\"}}],\"inLanguage\":\"de-DE\"},{\"@type\":\"Organization\",\"@id\":\"https:\/\/www.badhotelrenesse.nl\/de\/#organization\",\"name\":\"Badhotel Renesse\",\"url\":\"https:\/\/www.badhotelrenesse.nl\/de\/\",\"logo\":{\"@type\":\"ImageObject\",\"inLanguage\":\"de-DE\",\"@id\":\"https:\/\/www.badhotelrenesse.nl\/de\/#\/schema\/logo\/image\/\",\"url\":\"https:\/\/www.badhotelrenesse.nl\/wp-content\/uploads\/2016\/06\/Logo-Badhotel-Renesse-large.png\",\"contentUrl\":\"https:\/\/www.badhotelrenesse.nl\/wp-content\/uploads\/2016\/06\/Logo-Badhotel-Renesse-large.png\",\"width\":200,\"height\":200,\"caption\":\"Badhotel Renesse\"},\"image\":{\"@id\":\"https:\/\/www.badhotelrenesse.nl\/de\/#\/schema\/logo\/image\/\"},\"sameAs\":[\"https:\/\/nl-nl.facebook.com\/badhotel.renesse\",\"https:\/\/x.com\/badhotelrenesse\",\"http:\/\/www.youtube.com\/user\/badhotelrenesse\"]}]}<\/script>\n<!-- \/ Yoast SEO plugin. -->","yoast_head_json":{"title":"Stellenangebote - Badhotel Renesse","robots":{"index":"index","follow":"follow","max-snippet":"max-snippet:-1","max-image-preview":"max-image-preview:large","max-video-preview":"max-video-preview:-1"},"canonical":"https:\/\/www.badhotelrenesse.nl\/de\/stellenangebote\/","og_locale":"de_DE","og_type":"article","og_title":"Stellenangebote - Badhotel Renesse","og_url":"https:\/\/www.badhotelrenesse.nl\/de\/stellenangebote\/","og_site_name":"Badhotel Renesse","article_publisher":"https:\/\/nl-nl.facebook.com\/badhotel.renesse","article_modified_time":"2016-09-23T07:14:36+00:00","twitter_card":"summary_large_image","twitter_site":"@badhotelrenesse","twitter_misc":{"Est. reading time":"5 Minuten"},"schema":{"@context":"https:\/\/schema.org","@graph":[{"@type":"WebPage","@id":"https:\/\/www.badhotelrenesse.nl\/de\/stellenangebote\/","url":"https:\/\/www.badhotelrenesse.nl\/de\/stellenangebote\/","name":"Stellenangebote - Badhotel Renesse","isPartOf":{"@id":"https:\/\/www.badhotelrenesse.nl\/de\/#website"},"datePublished":"2016-09-20T07:55:07+00:00","dateModified":"2016-09-23T07:14:36+00:00","breadcrumb":{"@id":"https:\/\/www.badhotelrenesse.nl\/de\/stellenangebote\/#breadcrumb"},"inLanguage":"de-DE","potentialAction":[{"@type":"ReadAction","target":["https:\/\/www.badhotelrenesse.nl\/de\/stellenangebote\/"]}]},{"@type":"BreadcrumbList","@id":"https:\/\/www.badhotelrenesse.nl\/de\/stellenangebote\/#breadcrumb","itemListElement":[{"@type":"ListItem","position":1,"name":"Home","item":"https:\/\/www.badhotelrenesse.nl\/de\/home\/"},{"@type":"ListItem","position":2,"name":"Stellenangebote"}]},{"@type":"WebSite","@id":"https:\/\/www.badhotelrenesse.nl\/de\/#website","url":"https:\/\/www.badhotelrenesse.nl\/de\/","name":"Badhotel Renesse","description":"Hotel in Zeeland","publisher":{"@id":"https:\/\/www.badhotelrenesse.nl\/de\/#organization"},"potentialAction":[{"@type":"SearchAction","target":{"@type":"EntryPoint","urlTemplate":"https:\/\/www.badhotelrenesse.nl\/de\/?s={search_term_string}"},"query-input":{"@type":"PropertyValueSpecification","valueRequired":true,"valueName":"search_term_string"}}],"inLanguage":"de-DE"},{"@type":"Organization","@id":"https:\/\/www.badhotelrenesse.nl\/de\/#organization","name":"Badhotel Renesse","url":"https:\/\/www.badhotelrenesse.nl\/de\/","logo":{"@type":"ImageObject","inLanguage":"de-DE","@id":"https:\/\/www.badhotelrenesse.nl\/de\/#\/schema\/logo\/image\/","url":"https:\/\/www.badhotelrenesse.nl\/wp-content\/uploads\/2016\/06\/Logo-Badhotel-Renesse-large.png","contentUrl":"https:\/\/www.badhotelrenesse.nl\/wp-content\/uploads\/2016\/06\/Logo-Badhotel-Renesse-large.png","width":200,"height":200,"caption":"Badhotel Renesse"},"image":{"@id":"https:\/\/www.badhotelrenesse.nl\/de\/#\/schema\/logo\/image\/"},"sameAs":["https:\/\/nl-nl.facebook.com\/badhotel.renesse","https:\/\/x.com\/badhotelrenesse","http:\/\/www.youtube.com\/user\/badhotelrenesse"]}]}},"_links":{"self":[{"href":"https:\/\/www.badhotelrenesse.nl\/de\/wp-json\/wp\/v2\/pages\/477","targetHints":{"allow":["GET"]}}],"collection":[{"href":"https:\/\/www.badhotelrenesse.nl\/de\/wp-json\/wp\/v2\/pages"}],"about":[{"href":"https:\/\/www.badhotelrenesse.nl\/de\/wp-json\/wp\/v2\/types\/page"}],"author":[{"embeddable":true,"href":"https:\/\/www.badhotelrenesse.nl\/de\/wp-json\/wp\/v2\/users\/21"}],"replies":[{"embeddable":true,"href":"https:\/\/www.badhotelrenesse.nl\/de\/wp-json\/wp\/v2\/comments?post=477"}],"version-history":[{"count":0,"href":"https:\/\/www.badhotelrenesse.nl\/de\/wp-json\/wp\/v2\/pages\/477\/revisions"}],"wp:attachment":[{"href":"https:\/\/www.badhotelrenesse.nl\/de\/wp-json\/wp\/v2\/media?parent=477"}],"curies":[{"name":"wp","href":"https:\/\/api.w.org\/{rel}","templated":true}]}}