{"id":380,"date":"2016-09-19T11:24:37","date_gmt":"2016-09-19T09:24:37","guid":{"rendered":"http:\/\/hotelrenesse.wpengine.com\/fr\/?page_id=380"},"modified":"2024-02-01T11:02:12","modified_gmt":"2024-02-01T09:02:12","slug":"site","status":"publish","type":"page","link":"https:\/\/www.badhotelrenesse.nl\/fr\/site\/","title":{"rendered":"Site"},"content":{"rendered":"<div   class='avia-fullscreen-slider main_color   avia-builder-el-0  el_before_av_section  avia-builder-el-first  container_wrap fullsize'  ><a href='#next-section' title='' class='scroll-down-link av-control-minimal' aria-hidden='true' data-av_icon='\ue877' data-av_iconfont='entypo-fontello'><\/a><div  class='avia-slideshow av-3jeonw-2b3711fac25b79aef2905f714ecbe2c8 av-control-minimal avia-slideshow-extra_large av_fullscreen avia-slide-slider av-slider-scroll-down-active av-default-height-applied   avia-slideshow-1'  data-size='extra_large'  data-lightbox_size='large'  data-animation='slide'  data-conditional_play=''  data-ids='78,87'  data-video_counter='0'  data-autoplay='false'  data-bg_slider='true'  data-slide_height='100'  data-handle='av_fullscreen'  data-interval='5'  data-class=''  data-extra_class=' '  data-el_id=''  data-css_id='fullscreen_slider_1'  data-scroll_down='aviaTBscroll_down'  data-control_layout='av-control-minimal'  data-custom_markup=''  data-perma_caption=''  data-autoplay_stopper=''  data-image_attachment=''  data-min_height='0px'  data-lazy_loading='disabled'  data-default-height='66.6666666667'  data-img_scrset=''  data-av-desktop-hide=''  data-av-medium-hide=''  data-av-small-hide=''  data-av-mini-hide=''  data-id=''  data-custom_class=''  data-template_class=''  data-av_uid='av-3jeonw'  data-sc_version='1.0'  data-stretch=''  data-heading_tag=''  data-heading_class=''   itemprop=\"image\" itemscope=\"itemscope\" itemtype=\"https:\/\/schema.org\/ImageObject\" ><ul class='avia-slideshow-inner ' style='padding-bottom: 66.6666666667%;'><li style='background-position:center center;' data-img-url='https:\/\/www.badhotelrenesse.nl\/wp-content\/uploads\/2016\/06\/Tow-Church-Final-1500x1000.jpg' class='avia-slideshow-slide av-3jeonw-2b3711fac25b79aef2905f714ecbe2c8__0  slide-1 ' ><div data-rel='slideshow-1' class='avia-slide-wrap '   ><div class='av-slideshow-caption av-3jeonw-2b3711fac25b79aef2905f714ecbe2c8__0 caption_fullwidth caption_center caption_center_framed caption_framed'><div class=\"container caption_container\"><div class=\"slideshow_caption\"><div class=\"slideshow_inner_caption\"><div class=\"slideshow_align_caption\"><h2 class='avia-caption-title '  itemprop=\"name\" >SITU\u00c9E AU COEUR DE RENESSE<\/h2><\/div><\/div><\/div><\/div><\/div><\/div><\/li><li style='background-position:center center;' data-img-url='https:\/\/www.badhotelrenesse.nl\/wp-content\/uploads\/2016\/06\/Beach-Cabins-2-Final-1500x1000.jpg' class='avia-slideshow-slide av-3jeonw-2b3711fac25b79aef2905f714ecbe2c8__1  slide-2 ' ><div data-rel='slideshow-1' class='avia-slide-wrap '   ><div class='av-slideshow-caption av-3jeonw-2b3711fac25b79aef2905f714ecbe2c8__1 caption_fullwidth caption_center caption_center_framed caption_framed'><div class=\"container caption_container\"><div class=\"slideshow_caption\"><div class=\"slideshow_inner_caption\"><div class=\"slideshow_align_caption\"><h2 class='avia-caption-title '  itemprop=\"name\" >\u00c0 500 M\u00c8TRES DE LA PLAGE<\/h2><\/div><\/div><\/div><\/div><\/div><\/div><\/li><\/ul><div class='avia-slideshow-arrows avia-slideshow-controls' ><a href='#prev' class='prev-slide ' aria-hidden='true' data-av_icon='\ue87c' data-av_iconfont='entypo-fontello'  tabindex='-1'>Previous<\/a><a href='#next' class='next-slide ' aria-hidden='true' data-av_icon='\ue87d' data-av_iconfont='entypo-fontello'  tabindex='-1'>Next<\/a><\/div><div class='avia-slideshow-dots avia-slideshow-controls'><a href='#1' class='goto-slide active' >1<\/a><a href='#2' class='goto-slide ' >2<\/a><\/div><\/div><\/div>\n<div id='intro'  class='avia-section av-atet8-dba169b3411d42dba6aab9facee561c8 main_color avia-section-no-padding avia-no-border-styling  avia-builder-el-1  el_after_av_fullscreen  el_before_av_section  edgeindex avia-bg-style-scroll container_wrap fullsize'  ><div class='container av-section-cont-open' ><div class='template-page content  av-content-full alpha units'><div class='post-entry post-entry-type-page post-entry-380'><div class='entry-content-wrapper clearfix'>\n<div class='flex_column_table av-akzkk-65d90aa0729685610b7ff992fba6bffb sc-av_one_fourth av-equal-height-column-flextable'>\n<style type=\"text\/css\" data-created_by=\"avia_inline_auto\" id=\"style-css-av-akzkk-65d90aa0729685610b7ff992fba6bffb\">\n.flex_column.av-akzkk-65d90aa0729685610b7ff992fba6bffb{\nborder-radius:0px 0px 0px 0px;\n-webkit-border-radius:0px 0px 0px 0px;\n-moz-border-radius:0px 0px 0px 0px;\n}\n<\/style>\n<div class='flex_column av-akzkk-65d90aa0729685610b7ff992fba6bffb av_one_fourth  avia-builder-el-2  el_before_av_one_half  avia-builder-el-first  first no_margin flex_column_table_cell av-equal-height-column av-align-top av-zero-column-padding '   ><\/div>\n<style type=\"text\/css\" data-created_by=\"avia_inline_auto\" id=\"style-css-av-2orb7o-b63d6b20aed5028a372ebd0519055225\">\n.flex_column.av-2orb7o-b63d6b20aed5028a372ebd0519055225{\nborder-radius:10px 10px 10px 10px;\n-webkit-border-radius:10px 10px 10px 10px;\n-moz-border-radius:10px 10px 10px 10px;\npadding:20px 20px 20px 20px;\n}\n<\/style>\n<div class='flex_column av-2orb7o-b63d6b20aed5028a372ebd0519055225 av_one_half  avia-builder-el-3  el_after_av_one_fourth  el_before_av_one_fourth  introheadertekst no_margin flex_column_table_cell av-equal-height-column av-align-top '   ><section  class='av_textblock_section av-2lwy10-3cf8591ee76b9bebad77580a6f6c97ba'  itemscope=\"itemscope\" itemtype=\"https:\/\/schema.org\/CreativeWork\" ><div class='avia_textblock introblok'  itemprop=\"text\" ><h1 style=\"text-align: center;\">Site<\/h1>\n<\/div><\/section><\/div>\n<style type=\"text\/css\" data-created_by=\"avia_inline_auto\" id=\"style-css-av-2eizyc-f743951f7c177be769a9ccf913a0adeb\">\n.flex_column.av-2eizyc-f743951f7c177be769a9ccf913a0adeb{\nborder-radius:0px 0px 0px 0px;\n-webkit-border-radius:0px 0px 0px 0px;\n-moz-border-radius:0px 0px 0px 0px;\n}\n<\/style>\n<div class='flex_column av-2eizyc-f743951f7c177be769a9ccf913a0adeb av_one_fourth  avia-builder-el-5  el_after_av_one_half  avia-builder-el-last  no_margin flex_column_table_cell av-equal-height-column av-align-top av-zero-column-padding '   ><\/div><\/div><!--close column table wrapper. Autoclose: 1 -->\n\n<\/div><\/div><\/div><!-- close content main div --><\/div><\/div><div id='av_section_2'  class='avia-section av-28d7dw-dbc71baae2045e6543c46aec205b6cc5 main_color avia-section-small avia-no-border-styling  avia-builder-el-6  el_after_av_section  avia-builder-el-last  avia-bg-style-scroll container_wrap fullsize'  ><div class='container av-section-cont-open' ><div class='template-page content  av-content-full alpha units'><div class='post-entry post-entry-type-page post-entry-380'><div class='entry-content-wrapper clearfix'>\n<div class='flex_column_table av-24017g-d4c620d46eb65ce1ff297e93228ebd4d sc-av_one_half av-equal-height-column-flextable'>\n<style type=\"text\/css\" data-created_by=\"avia_inline_auto\" id=\"style-css-av-24017g-d4c620d46eb65ce1ff297e93228ebd4d\">\n#top .flex_column_table.av-equal-height-column-flextable.av-24017g-d4c620d46eb65ce1ff297e93228ebd4d{\nmargin-top:10px;\nmargin-bottom:0px;\n}\n.flex_column.av-24017g-d4c620d46eb65ce1ff297e93228ebd4d{\nborder-radius:0px 0px 0px 0px;\n-webkit-border-radius:0px 0px 0px 0px;\n-moz-border-radius:0px 0px 0px 0px;\nbackground:url(https:\/\/www.badhotelrenesse.nl\/wp-content\/uploads\/2016\/06\/Beach-Horses-2-final.jpg) 50% 50% no-repeat scroll ;\n}\n<\/style>\n<div class='flex_column av-24017g-d4c620d46eb65ce1ff297e93228ebd4d av_one_half  avia-builder-el-7  el_before_av_one_half  avia-builder-el-first  fotoblok first no_margin flex_column_table_cell av-equal-height-column av-align-middle av-zero-column-padding avia-full-stretch '   ><\/div>\n<style type=\"text\/css\" data-created_by=\"avia_inline_auto\" id=\"style-css-av-1ues70-3392609c09016bc3c27d971dd4d39e4d\">\n#top .flex_column_table.av-equal-height-column-flextable.av-1ues70-3392609c09016bc3c27d971dd4d39e4d{\nmargin-top:10px;\nmargin-bottom:0px;\n}\n.flex_column.av-1ues70-3392609c09016bc3c27d971dd4d39e4d{\nborder-radius:0px 0px 0px 0px;\n-webkit-border-radius:0px 0px 0px 0px;\n-moz-border-radius:0px 0px 0px 0px;\npadding:20px 50px 20px 50px;\nbackground-color:#95adb6;\n}\n<\/style>\n<div class='flex_column av-1ues70-3392609c09016bc3c27d971dd4d39e4d av_one_half  avia-builder-el-8  el_after_av_one_half  el_before_av_one_half  no_margin flex_column_table_cell av-equal-height-column av-align-middle '   ><p>\n<style type=\"text\/css\" data-created_by=\"avia_inline_auto\" id=\"style-css-av-1p42gc-6cef667441406e69d1af8cb9d640e8a9\">\n#top .av-special-heading.av-1p42gc-6cef667441406e69d1af8cb9d640e8a9{\npadding-bottom:20px;\ncolor:#ffffff;\n}\nbody .av-special-heading.av-1p42gc-6cef667441406e69d1af8cb9d640e8a9 .av-special-heading-tag .heading-char{\nfont-size:25px;\n}\n.av-special-heading.av-1p42gc-6cef667441406e69d1af8cb9d640e8a9 .special-heading-inner-border{\nborder-color:#ffffff;\n}\n.av-special-heading.av-1p42gc-6cef667441406e69d1af8cb9d640e8a9 .av-subheading{\nfont-size:15px;\n}\n<\/style>\n<div  class='av-special-heading av-1p42gc-6cef667441406e69d1af8cb9d640e8a9 av-special-heading-h2 custom-color-heading blockquote modern-quote modern-centered  avia-builder-el-9  el_before_av_textblock  avia-builder-el-first '><h2 class='av-special-heading-tag'  itemprop=\"headline\"  >Vacances \u00e0 Renesse,<br \/>\nZ\u00e9lande<\/h2><div class=\"special-heading-border\"><div class=\"special-heading-inner-border\"><\/div><\/div><\/div><br \/>\n\n<style type=\"text\/css\" data-created_by=\"avia_inline_auto\" id=\"style-css-av-k5z10409-ed99027790ed13f374e118f28a9828ca\">\n#top .av_textblock_section.av-k5z10409-ed99027790ed13f374e118f28a9828ca .avia_textblock{\ncolor:#ffffff;\n}\n<\/style>\n<section  class='av_textblock_section av-k5z10409-ed99027790ed13f374e118f28a9828ca'  itemscope=\"itemscope\" itemtype=\"https:\/\/schema.org\/CreativeWork\" ><div class='avia_textblock av_inherit_color'  itemprop=\"text\" ><p>Prendre ensemble un bol d\u2019air frais sur la c\u00f4te, faire des excursions \u00e0 bicyclette ou \u00e0 pied dans les bois o\u00f9 les dunes, se dorer au soleil sur la plage et se rafra\u00eechir dans la mer. Renesse est la station baln\u00e9aire z\u00e9landaise id\u00e9ale pour jeunes et moins jeunes : une fantastique destination de vacances. Badhotel Renesse est situ\u00e9 \u00e0 1000 m\u00e8tres d\u2019une des plus belles plages des Pays-Bas. Vous b\u00e9n\u00e9ficiez du confort d\u2019un h\u00f4tel, \u00e0 15 minutes de la dune et de la plage.<\/p>\n<\/div><\/section><br \/>\n<div  class='avia-button-wrap avia-button-center  avia-builder-el-11  el_after_av_textblock  avia-builder-el-last ' >\n<style type=\"text\/css\" data-created_by=\"avia_inline_auto\" id=\"style-css-av-1me47w-c14a55a69a51ae0d2221d4cfe1aa5a91\">\n#top #wrap_all .avia-button.av-1me47w-c14a55a69a51ae0d2221d4cfe1aa5a91{\nbackground-color:#ffffff;\nborder-color:#ffffff;\ncolor:#000000;\ntransition:all 0.4s ease-in-out;\n-webkit-transition:all 0.4s ease-in-out;\n-moz-transition:all 0.4s ease-in-out;\n-ms-transition:all 0.4s ease-in-out;\n-o-transition:all 0.4s ease-in-out;\n}\n<\/style>\n<a href='https:\/\/www.badhotelrenesse.nl\/fr\/site\/environnement\/'  class='avia-button av-1me47w-c14a55a69a51ae0d2221d4cfe1aa5a91 avia-icon_select-no avia-size-medium avia-position-center' ><span class='avia_iconbox_title' >Activit\u00e9s dans les environs<\/span><\/a><\/div><\/p><\/div><\/div><!--close column table wrapper. Autoclose: 1 --><div class='flex_column_table av-1dk1lo-44728a8eaef1534c696c880ecca5fb4a sc-av_one_half av-equal-height-column-flextable'>\n<style type=\"text\/css\" data-created_by=\"avia_inline_auto\" id=\"style-css-av-1dk1lo-44728a8eaef1534c696c880ecca5fb4a\">\n#top .flex_column_table.av-equal-height-column-flextable.av-1dk1lo-44728a8eaef1534c696c880ecca5fb4a{\nmargin-top:10px;\nmargin-bottom:10px;\n}\n.flex_column.av-1dk1lo-44728a8eaef1534c696c880ecca5fb4a{\nborder-radius:0px 0px 0px 0px;\n-webkit-border-radius:0px 0px 0px 0px;\n-moz-border-radius:0px 0px 0px 0px;\npadding:20px 20px 20px 20px;\nbackground-color:#ffffff;\n}\n<\/style>\n<div class='flex_column av-1dk1lo-44728a8eaef1534c696c880ecca5fb4a av_one_half  avia-builder-el-12  el_after_av_one_half  el_before_av_one_half  locatiekaart first no_margin flex_column_table_cell av-equal-height-column av-align-middle avia-full-stretch column-top-margin'   id=\"parkeren\"  ><\/div>\n<style type=\"text\/css\" data-created_by=\"avia_inline_auto\" id=\"style-css-av-yfct0-c535a58077371ab174741bae7b24fbba\">\n#top .flex_column_table.av-equal-height-column-flextable.av-yfct0-c535a58077371ab174741bae7b24fbba{\nmargin-top:10px;\nmargin-bottom:10px;\n}\n.flex_column.av-yfct0-c535a58077371ab174741bae7b24fbba{\nborder-radius:0px 0px 0px 0px;\n-webkit-border-radius:0px 0px 0px 0px;\n-moz-border-radius:0px 0px 0px 0px;\npadding:50px 50px 50px 50px;\nbackground-color:#ffffff;\n}\n<\/style>\n<div class='flex_column av-yfct0-c535a58077371ab174741bae7b24fbba av_one_half  avia-builder-el-14  el_after_av_one_half  avia-builder-el-last  no_margin flex_column_table_cell av-equal-height-column av-align-middle column-top-margin'   ><p>\n<style type=\"text\/css\" data-created_by=\"avia_inline_auto\" id=\"style-css-av-rd6cc-5fa223e6a0da9583401f11020b6861f1\">\n#top .av-special-heading.av-rd6cc-5fa223e6a0da9583401f11020b6861f1{\npadding-bottom:20px;\n}\nbody .av-special-heading.av-rd6cc-5fa223e6a0da9583401f11020b6861f1 .av-special-heading-tag .heading-char{\nfont-size:25px;\n}\n.av-special-heading.av-rd6cc-5fa223e6a0da9583401f11020b6861f1 .av-subheading{\nfont-size:15px;\n}\n<\/style>\n<div  class='av-special-heading av-rd6cc-5fa223e6a0da9583401f11020b6861f1 av-special-heading-h2 blockquote modern-quote modern-centered  avia-builder-el-15  el_before_av_textblock  avia-builder-el-first '><h2 class='av-special-heading-tag'  itemprop=\"headline\"  >ITIN\u00c9RAIRE <span class='special_amp'>&amp;<\/span> PARKING<\/h2><div class=\"special-heading-border\"><div class=\"special-heading-inner-border\"><\/div><\/div><\/div><br \/>\n<section  class='av_textblock_section av-kdmsc-65516491bfd07c3cdd5ede2f3185985d'  itemscope=\"itemscope\" itemtype=\"https:\/\/schema.org\/CreativeWork\" ><div class='avia_textblock'  itemprop=\"text\" ><p>Du 1er avril au 1er novembre, il y a un parking payant \u00e0 Renesse et un parking payant sur le terrain du Badhotel Renesse. A votre arriv\u00e9e, vous pourrez garer temporairement votre voiture sur notre emplacement gratuitement pour d\u00e9charger vos bagages. De cette fa\u00e7on, vous \u00e9vitez une amende que vous pourriez recevoir si vous gariez la voiture c\u00f4t\u00e9 rue.<\/p>\n<p>Apr\u00e8s le d\u00e9chargement, vous pouvez garer votre voiture sur le terrain du Badhotel Renesse et de la Villa Westerduin pour 16 \u20ac par nuit, selon disponibilit\u00e9. Le stationnement sur le parking adjacent sur la La\u00f4ne est \u00e9galement possible. Le stationnement payant s&rsquo;applique ici de 10h \u00e0 18h du lundi au samedi et le dimanche de 12h \u00e0 18h. Le paiement de votre place de stationnement dans ce parking est possible aux automates de paiement existants.<\/p>\n<p>Un parking gratuit est disponible \u00e0 800 m\u00e8tres \u00e0 pied de l&rsquo;h\u00f4tel, au Transferium P+R, Roelandsweg 11.<\/p>\n<\/div><\/section><br \/>\n\n<style type=\"text\/css\" data-created_by=\"avia_inline_auto\" id=\"style-css-av-d3l58-2e0bb413fbe66cc002cb3ec3e40c25c6\">\n#top .hr.hr-invisible.av-d3l58-2e0bb413fbe66cc002cb3ec3e40c25c6{\nheight:20px;\n}\n<\/style>\n<div  class='hr av-d3l58-2e0bb413fbe66cc002cb3ec3e40c25c6 hr-invisible  avia-builder-el-17  el_after_av_textblock  el_before_av_button '><span class='hr-inner '><span class=\"hr-inner-style\"><\/span><\/span><\/div><br \/>\n<div  class='avia-button-wrap avia-button-center  avia-builder-el-18  el_after_av_hr  avia-builder-el-last ' >\n<style type=\"text\/css\" data-created_by=\"avia_inline_auto\" id=\"style-css-av-15e9g-809443c2aaf4706ff8593c407fb06935\">\n#top #wrap_all .avia-button.av-15e9g-809443c2aaf4706ff8593c407fb06935{\nbackground-color:#000000;\nborder-color:#000000;\ncolor:#ffffff;\ntransition:all 0.4s ease-in-out;\n-webkit-transition:all 0.4s ease-in-out;\n-moz-transition:all 0.4s ease-in-out;\n-ms-transition:all 0.4s ease-in-out;\n-o-transition:all 0.4s ease-in-out;\n}\n<\/style>\n<a href='https:\/\/www.badhotelrenesse.nl\/wp-content\/uploads\/2016\/07\/BadhotelRenesse_Routebeschrijving.pdf' class='avia-button av-15e9g-809443c2aaf4706ff8593c407fb06935 avia-icon_select-no avia-size-medium avia-position-center' target=\"_blank\" rel=\"noopener noreferrer\"><span class='avia_iconbox_title' >Itin\u00e9raire d\u2019acc\u00e8s<\/span><\/a><\/div><\/p><\/div><\/div><!--close column table wrapper. Autoclose: 1 -->\n","protected":false},"excerpt":{"rendered":"","protected":false},"author":21,"featured_media":0,"parent":0,"menu_order":0,"comment_status":"closed","ping_status":"closed","template":"","meta":{"footnotes":""},"class_list":["post-380","page","type-page","status-publish","hentry"],"yoast_head":"<!-- This site is optimized with the Yoast SEO plugin v27.0 - https:\/\/yoast.com\/product\/yoast-seo-wordpress\/ -->\n<title>Site - Badhotel Renesse<\/title>\n<meta name=\"description\" content=\"Prendre ensemble un bol d\u2019air frais sur la c\u00f4te, faire des excursions \u00e0 bicyclette ou \u00e0 pied dans les bois o\u00f9 les dunes.\" \/>\n<meta name=\"robots\" content=\"index, follow, max-snippet:-1, max-image-preview:large, max-video-preview:-1\" \/>\n<link rel=\"canonical\" href=\"https:\/\/www.badhotelrenesse.nl\/fr\/site\/\" \/>\n<meta property=\"og:locale\" content=\"fr_FR\" \/>\n<meta property=\"og:type\" content=\"article\" \/>\n<meta property=\"og:title\" content=\"Site - Badhotel Renesse\" \/>\n<meta property=\"og:description\" content=\"Prendre ensemble un bol d\u2019air frais sur la c\u00f4te, faire des excursions \u00e0 bicyclette ou \u00e0 pied dans les bois o\u00f9 les dunes.\" \/>\n<meta property=\"og:url\" content=\"https:\/\/www.badhotelrenesse.nl\/fr\/site\/\" \/>\n<meta property=\"og:site_name\" content=\"Badhotel Renesse\" \/>\n<meta property=\"article:publisher\" content=\"https:\/\/nl-nl.facebook.com\/badhotel.renesse\" \/>\n<meta property=\"article:modified_time\" content=\"2024-02-01T09:02:12+00:00\" \/>\n<meta name=\"twitter:card\" content=\"summary_large_image\" \/>\n<meta name=\"twitter:site\" content=\"@badhotelrenesse\" \/>\n<meta name=\"twitter:label1\" content=\"Est. reading time\" \/>\n\t<meta name=\"twitter:data1\" content=\"4 minutes\" \/>\n<script type=\"application\/ld+json\" class=\"yoast-schema-graph\">{\"@context\":\"https:\/\/schema.org\",\"@graph\":[{\"@type\":\"WebPage\",\"@id\":\"https:\/\/www.badhotelrenesse.nl\/fr\/site\/\",\"url\":\"https:\/\/www.badhotelrenesse.nl\/fr\/site\/\",\"name\":\"Site - Badhotel Renesse\",\"isPartOf\":{\"@id\":\"https:\/\/www.badhotelrenesse.nl\/fr\/#website\"},\"datePublished\":\"2016-09-19T09:24:37+00:00\",\"dateModified\":\"2024-02-01T09:02:12+00:00\",\"description\":\"Prendre ensemble un bol d\u2019air frais sur la c\u00f4te, faire des excursions \u00e0 bicyclette ou \u00e0 pied dans les bois o\u00f9 les dunes.\",\"breadcrumb\":{\"@id\":\"https:\/\/www.badhotelrenesse.nl\/fr\/site\/#breadcrumb\"},\"inLanguage\":\"fr-FR\",\"potentialAction\":[{\"@type\":\"ReadAction\",\"target\":[\"https:\/\/www.badhotelrenesse.nl\/fr\/site\/\"]}]},{\"@type\":\"BreadcrumbList\",\"@id\":\"https:\/\/www.badhotelrenesse.nl\/fr\/site\/#breadcrumb\",\"itemListElement\":[{\"@type\":\"ListItem\",\"position\":1,\"name\":\"Home\",\"item\":\"https:\/\/www.badhotelrenesse.nl\/fr\/home\/\"},{\"@type\":\"ListItem\",\"position\":2,\"name\":\"Site\"}]},{\"@type\":\"WebSite\",\"@id\":\"https:\/\/www.badhotelrenesse.nl\/fr\/#website\",\"url\":\"https:\/\/www.badhotelrenesse.nl\/fr\/\",\"name\":\"Badhotel Renesse\",\"description\":\"Hotel in Zeeland\",\"publisher\":{\"@id\":\"https:\/\/www.badhotelrenesse.nl\/fr\/#organization\"},\"potentialAction\":[{\"@type\":\"SearchAction\",\"target\":{\"@type\":\"EntryPoint\",\"urlTemplate\":\"https:\/\/www.badhotelrenesse.nl\/fr\/?s={search_term_string}\"},\"query-input\":{\"@type\":\"PropertyValueSpecification\",\"valueRequired\":true,\"valueName\":\"search_term_string\"}}],\"inLanguage\":\"fr-FR\"},{\"@type\":\"Organization\",\"@id\":\"https:\/\/www.badhotelrenesse.nl\/fr\/#organization\",\"name\":\"Badhotel Renesse\",\"url\":\"https:\/\/www.badhotelrenesse.nl\/fr\/\",\"logo\":{\"@type\":\"ImageObject\",\"inLanguage\":\"fr-FR\",\"@id\":\"https:\/\/www.badhotelrenesse.nl\/fr\/#\/schema\/logo\/image\/\",\"url\":\"https:\/\/www.badhotelrenesse.nl\/wp-content\/uploads\/2016\/06\/Logo-Badhotel-Renesse-large.png\",\"contentUrl\":\"https:\/\/www.badhotelrenesse.nl\/wp-content\/uploads\/2016\/06\/Logo-Badhotel-Renesse-large.png\",\"width\":200,\"height\":200,\"caption\":\"Badhotel Renesse\"},\"image\":{\"@id\":\"https:\/\/www.badhotelrenesse.nl\/fr\/#\/schema\/logo\/image\/\"},\"sameAs\":[\"https:\/\/nl-nl.facebook.com\/badhotel.renesse\",\"https:\/\/x.com\/badhotelrenesse\",\"http:\/\/www.youtube.com\/user\/badhotelrenesse\"]}]}<\/script>\n<!-- \/ Yoast SEO plugin. -->","yoast_head_json":{"title":"Site - Badhotel Renesse","description":"Prendre ensemble un bol d\u2019air frais sur la c\u00f4te, faire des excursions \u00e0 bicyclette ou \u00e0 pied dans les bois o\u00f9 les dunes.","robots":{"index":"index","follow":"follow","max-snippet":"max-snippet:-1","max-image-preview":"max-image-preview:large","max-video-preview":"max-video-preview:-1"},"canonical":"https:\/\/www.badhotelrenesse.nl\/fr\/site\/","og_locale":"fr_FR","og_type":"article","og_title":"Site - Badhotel Renesse","og_description":"Prendre ensemble un bol d\u2019air frais sur la c\u00f4te, faire des excursions \u00e0 bicyclette ou \u00e0 pied dans les bois o\u00f9 les dunes.","og_url":"https:\/\/www.badhotelrenesse.nl\/fr\/site\/","og_site_name":"Badhotel Renesse","article_publisher":"https:\/\/nl-nl.facebook.com\/badhotel.renesse","article_modified_time":"2024-02-01T09:02:12+00:00","twitter_card":"summary_large_image","twitter_site":"@badhotelrenesse","twitter_misc":{"Est. reading time":"4 minutes"},"schema":{"@context":"https:\/\/schema.org","@graph":[{"@type":"WebPage","@id":"https:\/\/www.badhotelrenesse.nl\/fr\/site\/","url":"https:\/\/www.badhotelrenesse.nl\/fr\/site\/","name":"Site - Badhotel Renesse","isPartOf":{"@id":"https:\/\/www.badhotelrenesse.nl\/fr\/#website"},"datePublished":"2016-09-19T09:24:37+00:00","dateModified":"2024-02-01T09:02:12+00:00","description":"Prendre ensemble un bol d\u2019air frais sur la c\u00f4te, faire des excursions \u00e0 bicyclette ou \u00e0 pied dans les bois o\u00f9 les dunes.","breadcrumb":{"@id":"https:\/\/www.badhotelrenesse.nl\/fr\/site\/#breadcrumb"},"inLanguage":"fr-FR","potentialAction":[{"@type":"ReadAction","target":["https:\/\/www.badhotelrenesse.nl\/fr\/site\/"]}]},{"@type":"BreadcrumbList","@id":"https:\/\/www.badhotelrenesse.nl\/fr\/site\/#breadcrumb","itemListElement":[{"@type":"ListItem","position":1,"name":"Home","item":"https:\/\/www.badhotelrenesse.nl\/fr\/home\/"},{"@type":"ListItem","position":2,"name":"Site"}]},{"@type":"WebSite","@id":"https:\/\/www.badhotelrenesse.nl\/fr\/#website","url":"https:\/\/www.badhotelrenesse.nl\/fr\/","name":"Badhotel Renesse","description":"Hotel in Zeeland","publisher":{"@id":"https:\/\/www.badhotelrenesse.nl\/fr\/#organization"},"potentialAction":[{"@type":"SearchAction","target":{"@type":"EntryPoint","urlTemplate":"https:\/\/www.badhotelrenesse.nl\/fr\/?s={search_term_string}"},"query-input":{"@type":"PropertyValueSpecification","valueRequired":true,"valueName":"search_term_string"}}],"inLanguage":"fr-FR"},{"@type":"Organization","@id":"https:\/\/www.badhotelrenesse.nl\/fr\/#organization","name":"Badhotel Renesse","url":"https:\/\/www.badhotelrenesse.nl\/fr\/","logo":{"@type":"ImageObject","inLanguage":"fr-FR","@id":"https:\/\/www.badhotelrenesse.nl\/fr\/#\/schema\/logo\/image\/","url":"https:\/\/www.badhotelrenesse.nl\/wp-content\/uploads\/2016\/06\/Logo-Badhotel-Renesse-large.png","contentUrl":"https:\/\/www.badhotelrenesse.nl\/wp-content\/uploads\/2016\/06\/Logo-Badhotel-Renesse-large.png","width":200,"height":200,"caption":"Badhotel Renesse"},"image":{"@id":"https:\/\/www.badhotelrenesse.nl\/fr\/#\/schema\/logo\/image\/"},"sameAs":["https:\/\/nl-nl.facebook.com\/badhotel.renesse","https:\/\/x.com\/badhotelrenesse","http:\/\/www.youtube.com\/user\/badhotelrenesse"]}]}},"_links":{"self":[{"href":"https:\/\/www.badhotelrenesse.nl\/fr\/wp-json\/wp\/v2\/pages\/380","targetHints":{"allow":["GET"]}}],"collection":[{"href":"https:\/\/www.badhotelrenesse.nl\/fr\/wp-json\/wp\/v2\/pages"}],"about":[{"href":"https:\/\/www.badhotelrenesse.nl\/fr\/wp-json\/wp\/v2\/types\/page"}],"author":[{"embeddable":true,"href":"https:\/\/www.badhotelrenesse.nl\/fr\/wp-json\/wp\/v2\/users\/21"}],"replies":[{"embeddable":true,"href":"https:\/\/www.badhotelrenesse.nl\/fr\/wp-json\/wp\/v2\/comments?post=380"}],"version-history":[{"count":0,"href":"https:\/\/www.badhotelrenesse.nl\/fr\/wp-json\/wp\/v2\/pages\/380\/revisions"}],"wp:attachment":[{"href":"https:\/\/www.badhotelrenesse.nl\/fr\/wp-json\/wp\/v2\/media?parent=380"}],"curies":[{"name":"wp","href":"https:\/\/api.w.org\/{rel}","templated":true}]}}