{"id":407,"date":"2016-09-19T12:56:38","date_gmt":"2016-09-19T10:56:38","guid":{"rendered":"http:\/\/hotelrenesse.wpengine.com\/fr\/?page_id=407"},"modified":"2022-11-04T09:49:34","modified_gmt":"2022-11-04T07:49:34","slug":"demande-de-reunion","status":"publish","type":"page","link":"https:\/\/www.badhotelrenesse.nl\/fr\/reunions\/demande-de-reunion\/","title":{"rendered":"Demande de r\u00e9union"},"content":{"rendered":"<div   class='avia-fullscreen-slider main_color   avia-builder-el-0  el_before_av_section  avia-builder-el-first  container_wrap fullsize'  ><a href='#next-section' title='' class='scroll-down-link av-control-minimal' aria-hidden='true' data-av_icon='\ue877' data-av_iconfont='entypo-fontello'><\/a><div  class='avia-slideshow av-av_fullscreen-ab928df88fa05929f652e93ee951ab87 av-control-minimal avia-slideshow-extra_large av_fullscreen avia-slide-slider av-slider-scroll-down-active av-default-height-applied   avia-slideshow-1'  data-size='extra_large'  data-lightbox_size='large'  data-animation='slide'  data-conditional_play=''  data-ids='135'  data-video_counter='0'  data-autoplay='false'  data-bg_slider='true'  data-slide_height='100'  data-handle='av_fullscreen'  data-interval='5'  data-class=''  data-extra_class=' '  data-el_id=''  data-css_id='fullscreen_slider_1'  data-scroll_down='aviaTBscroll_down'  data-control_layout='av-control-minimal'  data-custom_markup=''  data-perma_caption=''  data-autoplay_stopper=''  data-image_attachment=''  data-min_height='0px'  data-lazy_loading='disabled'  data-default-height='66.6666666667'  data-img_scrset=''  data-av-desktop-hide=''  data-av-medium-hide=''  data-av-small-hide=''  data-av-mini-hide=''  data-id=''  data-custom_class=''  data-template_class=''  data-av_uid=''  data-sc_version='1.0'  data-stretch=''  data-heading_tag=''  data-heading_class=''   itemprop=\"image\" itemscope=\"itemscope\" itemtype=\"https:\/\/schema.org\/ImageObject\" ><ul class='avia-slideshow-inner ' style='padding-bottom: 66.6666666667%;'><li style='background-position:Center Center;' data-img-url='https:\/\/www.badhotelrenesse.nl\/wp-content\/uploads\/2016\/07\/Zakelijk-7-1500x1000.jpg' class='avia-slideshow-slide av-av_fullscreen-ab928df88fa05929f652e93ee951ab87__0  av-single-slide slide-1 ' ><div data-rel='slideshow-1' class='avia-slide-wrap '   ><\/div><\/li><\/ul><\/div><\/div>\n<div id='intro'  class='avia-section av-av_section-d4208fc262991454a5c46f1c7d559b62 main_color avia-section-no-padding avia-no-border-styling  avia-builder-el-1  el_after_av_fullscreen  el_before_av_section  edgeindex avia-bg-style-scroll container_wrap fullsize'  ><div class='container av-section-cont-open' ><div class='template-page content  av-content-full alpha units'><div class='post-entry post-entry-type-page post-entry-407'><div class='entry-content-wrapper clearfix'>\n<div class='flex_column_table av-av_one_fourth-139bdc6aaf142d56801e1b289c1107d2 sc-av_one_fourth av-equal-height-column-flextable'>\n<style type=\"text\/css\" data-created_by=\"avia_inline_auto\" id=\"style-css-av-av_one_fourth-139bdc6aaf142d56801e1b289c1107d2\">\n.flex_column.av-av_one_fourth-139bdc6aaf142d56801e1b289c1107d2{\nborder-radius:0px 0px 0px 0px;\n-webkit-border-radius:0px 0px 0px 0px;\n-moz-border-radius:0px 0px 0px 0px;\n}\n<\/style>\n<div class='flex_column av-av_one_fourth-139bdc6aaf142d56801e1b289c1107d2 av_one_fourth  avia-builder-el-2  el_before_av_one_half  avia-builder-el-first  first no_margin flex_column_table_cell av-equal-height-column av-align-top av-zero-column-padding '   ><\/div>\n<style type=\"text\/css\" data-created_by=\"avia_inline_auto\" id=\"style-css-av-av_one_half-06963c655daf47ecd37205fbaf13ef05\">\n.flex_column.av-av_one_half-06963c655daf47ecd37205fbaf13ef05{\nborder-radius:10px 10px 10px 10px;\n-webkit-border-radius:10px 10px 10px 10px;\n-moz-border-radius:10px 10px 10px 10px;\npadding:20px 20px 20px 20px;\n}\n<\/style>\n<div class='flex_column av-av_one_half-06963c655daf47ecd37205fbaf13ef05 av_one_half  avia-builder-el-3  el_after_av_one_fourth  el_before_av_one_fourth  introheadertekst no_margin flex_column_table_cell av-equal-height-column av-align-top '   ><section  class='av_textblock_section av-av_textblock-62d75d64b3a9a1d14ec7632587428750'  itemscope=\"itemscope\" itemtype=\"https:\/\/schema.org\/CreativeWork\" ><div class='avia_textblock introblok'  itemprop=\"text\" ><h1 style=\"text-align: center;\">Demande de r\u00e9union<\/h1>\n<\/div><\/section><\/div>\n<style type=\"text\/css\" data-created_by=\"avia_inline_auto\" id=\"style-css-av-av_one_fourth-96b8b3e4602814b30fda83b599dc53bd\">\n.flex_column.av-av_one_fourth-96b8b3e4602814b30fda83b599dc53bd{\nborder-radius:0px 0px 0px 0px;\n-webkit-border-radius:0px 0px 0px 0px;\n-moz-border-radius:0px 0px 0px 0px;\n}\n<\/style>\n<div class='flex_column av-av_one_fourth-96b8b3e4602814b30fda83b599dc53bd av_one_fourth  avia-builder-el-5  el_after_av_one_half  avia-builder-el-last  no_margin flex_column_table_cell av-equal-height-column av-align-top av-zero-column-padding '   ><\/div><\/div><!--close column table wrapper. Autoclose: 1 -->\n\n<\/div><\/div><\/div><!-- close content main div --><\/div><\/div><div id='av_section_2'  class='avia-section av-av_section-a59f1a4de48e50a42510ae43c12a4c70 main_color avia-section-small avia-no-border-styling  avia-builder-el-6  el_after_av_section  avia-builder-el-last  avia-bg-style-scroll container_wrap fullsize'  ><div class='container av-section-cont-open' ><div class='template-page content  av-content-full alpha units'><div class='post-entry post-entry-type-page post-entry-407'><div class='entry-content-wrapper clearfix'>\n\n<style type=\"text\/css\" data-created_by=\"avia_inline_auto\" id=\"style-css-av-av_two_third-31e4176295d280fd96259b8ac47b6503\">\n#top .flex_column.av-av_two_third-31e4176295d280fd96259b8ac47b6503{\nmargin-top:10px;\nmargin-bottom:0px;\n}\n.flex_column.av-av_two_third-31e4176295d280fd96259b8ac47b6503{\nborder-radius:0px 0px 0px 0px;\n-webkit-border-radius:0px 0px 0px 0px;\n-moz-border-radius:0px 0px 0px 0px;\npadding:30px 50px 30px 50px;\nbackground-color:#ffffff;\n}\n.responsive #top #wrap_all .flex_column.av-av_two_third-31e4176295d280fd96259b8ac47b6503{\nmargin-top:10px;\nmargin-bottom:0px;\n}\n<\/style>\n<div class='flex_column av-av_two_third-31e4176295d280fd96259b8ac47b6503 av_two_third  avia-builder-el-7  el_before_av_one_third  avia-builder-el-first  subpageblock1 first no_margin flex_column_div '   ><p><section  class='av_textblock_section av-la274k13-0613001c736bc609387c056ec02c0017'  itemscope=\"itemscope\" itemtype=\"https:\/\/schema.org\/CreativeWork\" ><div class='avia_textblock'  itemprop=\"text\" ><p>Nous vous informons volontiers sur les possibilit\u00e9s que le Badhotel Renesse peut offrir \u00e0 votre organisation. Question ? Remplissez sans attendre le formulaire suivant et nous vous communiquerons toutes les informations requises.<\/p>\n<\/div><\/section><br \/>\n\n<style type=\"text\/css\" data-created_by=\"avia_inline_auto\" id=\"style-css-av-av_hr-628bae4eb3a56ca031c9e383e206c95c\">\n#top .hr.hr-invisible.av-av_hr-628bae4eb3a56ca031c9e383e206c95c{\nheight:20px;\n}\n<\/style>\n<div  class='hr av-av_hr-628bae4eb3a56ca031c9e383e206c95c hr-invisible  avia-builder-el-9  el_after_av_textblock  el_before_av_textblock '><span class='hr-inner '><span class=\"hr-inner-style\"><\/span><\/span><\/div><br \/>\n<section  class='av_textblock_section av-av_textblock-35972167d9f102c5ddaec0c531c98b9e'  itemscope=\"itemscope\" itemtype=\"https:\/\/schema.org\/CreativeWork\" ><div class='avia_textblock'  itemprop=\"text\" >\n<div class=\"wpcf7 no-js\" id=\"wpcf7-f406-o1\" lang=\"en-US\" dir=\"ltr\" data-wpcf7-id=\"406\">\n<div class=\"screen-reader-response\"><p role=\"status\" aria-live=\"polite\" aria-atomic=\"true\"><\/p> <ul><\/ul><\/div>\n<form action=\"\/fr\/wp-json\/wp\/v2\/pages\/407#wpcf7-f406-o1\" method=\"post\" class=\"wpcf7-form init\" aria-label=\"Contact form\" novalidate=\"novalidate\" data-status=\"init\">\n<fieldset class=\"hidden-fields-container\"><input type=\"hidden\" name=\"_wpcf7\" value=\"406\" \/><input type=\"hidden\" name=\"_wpcf7_version\" value=\"6.1.5\" \/><input type=\"hidden\" name=\"_wpcf7_locale\" value=\"en_US\" \/><input type=\"hidden\" name=\"_wpcf7_unit_tag\" value=\"wpcf7-f406-o1\" \/><input type=\"hidden\" name=\"_wpcf7_container_post\" value=\"0\" \/><input type=\"hidden\" name=\"_wpcf7_posted_data_hash\" value=\"\" \/><input type=\"hidden\" name=\"_wpcf7_recaptcha_response\" value=\"\" \/>\n<\/fieldset>\n<p>Date\n<\/p>\n<p><span class=\"wpcf7-form-control-wrap\" data-name=\"date-320\"><input class=\"wpcf7-form-control wpcf7-date wpcf7-validates-as-date\" aria-invalid=\"false\" placeholder=\"dd\/mm\/yy\" value=\"\" type=\"date\" name=\"date-320\" \/><\/span>\n<\/p>\n<p>Heure de d\u00e9but de la r\u00e9union<span class=\"wpcf7-form-control-wrap\" data-name=\"starttijd-meeting\"><input size=\"40\" maxlength=\"400\" class=\"wpcf7-form-control wpcf7-text\" aria-invalid=\"false\" value=\"\" type=\"text\" name=\"starttijd-meeting\" \/><\/span>\n<\/p>\n<p>Heure de fin de la r\u00e9union<span class=\"wpcf7-form-control-wrap\" data-name=\"eindtijd-meeting\"><input size=\"40\" maxlength=\"400\" class=\"wpcf7-form-control wpcf7-text\" aria-invalid=\"false\" value=\"\" type=\"text\" name=\"eindtijd-meeting\" \/><\/span>\n<\/p>\n<p>Nom <span class=\"wpcf7-form-control-wrap\" data-name=\"naam\"><input size=\"40\" maxlength=\"400\" class=\"wpcf7-form-control wpcf7-text\" aria-invalid=\"false\" value=\"\" type=\"text\" name=\"naam\" \/><\/span>\n<\/p>\n<p>Soci\u00e9t\u00e9 <span class=\"wpcf7-form-control-wrap\" data-name=\"bedrijfsnaam\"><input size=\"40\" maxlength=\"400\" class=\"wpcf7-form-control wpcf7-text\" aria-invalid=\"false\" value=\"\" type=\"text\" name=\"bedrijfsnaam\" \/><\/span>\n<\/p>\n<p>Adresse \u00e9lectronique <span class=\"wpcf7-form-control-wrap\" data-name=\"emailadres\"><input size=\"40\" maxlength=\"400\" class=\"wpcf7-form-control wpcf7-email wpcf7-validates-as-required wpcf7-text wpcf7-validates-as-email\" aria-required=\"true\" aria-invalid=\"false\" value=\"\" type=\"email\" name=\"emailadres\" \/><\/span>\n<\/p>\n<p>Num\u00e9ro de t\u00e9l\u00e9phone <span class=\"wpcf7-form-control-wrap\" data-name=\"tel-293\"><input size=\"40\" maxlength=\"400\" class=\"wpcf7-form-control wpcf7-tel wpcf7-text wpcf7-validates-as-tel\" aria-invalid=\"false\" value=\"\" type=\"tel\" name=\"tel-293\" \/><\/span>\n<\/p>\n<p><span class=\"wpcf7-form-control-wrap\" data-name=\"verzoek\"><textarea cols=\"40\" rows=\"10\" maxlength=\"2000\" class=\"wpcf7-form-control wpcf7-textarea\" aria-invalid=\"false\" placeholder=\"Votre demande\" name=\"verzoek\"><\/textarea><\/span>\n<\/p>\n<p>Veuillez m\u2019envoyer vos id\u00e9es sur les r\u00e9unions, le dossier complet sur toutes les possibilit\u00e9s offertes pour les r\u00e9unions par le Badhotel Renesse:<br \/>\n<span class=\"wpcf7-form-control-wrap\" data-name=\"checkbox-354\"><span class=\"wpcf7-form-control wpcf7-checkbox wpcf7-exclusive-checkbox\"><span class=\"wpcf7-list-item first\"><label><input type=\"checkbox\" name=\"checkbox-354\" value=\"Oui, volontiers.*\" \/><span class=\"wpcf7-list-item-label\">Oui, volontiers.*<\/span><\/label><\/span><span class=\"wpcf7-list-item last\"><label><input type=\"checkbox\" name=\"checkbox-354\" value=\"Non, merci\" \/><span class=\"wpcf7-list-item-label\">Non, merci<\/span><\/label><\/span><\/span><\/span>\n<\/p>\n<p>(*Attention : pour pouvoir vous envoyer nos id\u00e9es sur les r\u00e9unions, nous avons besoin de votre adresse. Vous pouvez l\u2019indiquer dans le champ de texte suivant)\n<\/p>\n<p><p><label><input type=\"checkbox\" name=\"consent[]\" required> I agree to analytics data collection<\/label><\/p>\n<\/p>\n<p><input class=\"wpcf7-form-control wpcf7-submit has-spinner\" type=\"submit\" value=\"Envoyer\" \/>\n<\/p>\n            <div style=\"display:none;\">\n                <input type=\"hidden\" name=\"lead_id\" id=\"lead_id\" class=\"lead-id-field wpcf7-form-control\" \/>\n                <input type=\"hidden\" name=\"gclid\" id=\"gclid\" class=\"gclid-field wpcf7-form-control\" \/>\n                <input type=\"hidden\" name=\"bronmedium_marketing\" id=\"bronmedium_marketing\" class=\"bronmedium-marketing-field wpcf7-form-control\" \/>\n            <\/div>\n        <div class=\"wpcf7-response-output\" aria-hidden=\"true\"><\/div>\n<\/form>\n<\/div>\n\n<\/div><\/section><\/p><\/div>\n<style type=\"text\/css\" data-created_by=\"avia_inline_auto\" id=\"style-css-av-av_one_third-ae94e8201ee8aec216ee7f0df138b058\">\n#top .flex_column.av-av_one_third-ae94e8201ee8aec216ee7f0df138b058{\nmargin-top:10px;\nmargin-bottom:0px;\n}\n.flex_column.av-av_one_third-ae94e8201ee8aec216ee7f0df138b058{\nborder-radius:0px 0px 0px 0px;\n-webkit-border-radius:0px 0px 0px 0px;\n-moz-border-radius:0px 0px 0px 0px;\npadding:50px 50px 50px 50px;\nbackground-color:#95adb6;\n}\n.responsive #top #wrap_all .flex_column.av-av_one_third-ae94e8201ee8aec216ee7f0df138b058{\nmargin-top:10px;\nmargin-bottom:0px;\n}\n<\/style>\n<div class='flex_column av-av_one_third-ae94e8201ee8aec216ee7f0df138b058 av_one_third  avia-builder-el-11  el_after_av_two_third  avia-builder-el-last  subpageblock1 no_margin flex_column_div '   ><style type=\"text\/css\" data-created_by=\"avia_inline_auto\" id=\"style-css-av-av_textblock-e8931f3a3cb0ffe4e01460315f0ed18b\">\n#top .av_textblock_section.av-av_textblock-e8931f3a3cb0ffe4e01460315f0ed18b .avia_textblock{\ncolor:#ffffff;\n}\n<\/style>\n<section  class='av_textblock_section av-av_textblock-e8931f3a3cb0ffe4e01460315f0ed18b'  itemscope=\"itemscope\" itemtype=\"https:\/\/schema.org\/CreativeWork\" ><div class='avia_textblock av_inherit_color'  itemprop=\"text\" ><h3><strong>Adresse<\/strong><\/h3>\n<p>Badhotel Renesse<br \/>\nLaone 2-6<br \/>\n4325 EK Renesse (NL)<\/p>\n<h3><strong>Contact<\/strong><\/h3>\n<p>+31 (0)111 462 500<br \/>\n<a href=\"mailto:info@badhotelrenesse.nl\" target=\"_blank\" rel=\"noopener\">info@badhotelrenesse.nl<\/a><\/p>\n<\/div><\/section><\/div>\n","protected":false},"excerpt":{"rendered":"","protected":false},"author":21,"featured_media":0,"parent":404,"menu_order":0,"comment_status":"closed","ping_status":"closed","template":"","meta":{"footnotes":""},"class_list":["post-407","page","type-page","status-publish","hentry"],"yoast_head":"<!-- This site is optimized with the Yoast SEO plugin v27.0 - https:\/\/yoast.com\/product\/yoast-seo-wordpress\/ -->\n<title>Demande de r\u00e9union - Badhotel Renesse<\/title>\n<meta name=\"description\" content=\"Nous vous informons volontiers sur les possibilit\u00e9s que le Badhotel Renesse peut offrir \u00e0 votre organisation.\" \/>\n<meta name=\"robots\" content=\"index, follow, max-snippet:-1, max-image-preview:large, max-video-preview:-1\" \/>\n<link rel=\"canonical\" href=\"https:\/\/www.badhotelrenesse.nl\/fr\/reunions\/demande-de-reunion\/\" \/>\n<meta property=\"og:locale\" content=\"fr_FR\" \/>\n<meta property=\"og:type\" content=\"article\" \/>\n<meta property=\"og:title\" content=\"Demande de r\u00e9union - Badhotel Renesse\" \/>\n<meta property=\"og:description\" content=\"Nous vous informons volontiers sur les possibilit\u00e9s que le Badhotel Renesse peut offrir \u00e0 votre organisation.\" \/>\n<meta property=\"og:url\" content=\"https:\/\/www.badhotelrenesse.nl\/fr\/reunions\/demande-de-reunion\/\" \/>\n<meta property=\"og:site_name\" content=\"Badhotel Renesse\" \/>\n<meta property=\"article:publisher\" content=\"https:\/\/nl-nl.facebook.com\/badhotel.renesse\" \/>\n<meta property=\"article:modified_time\" content=\"2022-11-04T07:49:34+00:00\" \/>\n<meta name=\"twitter:card\" content=\"summary_large_image\" \/>\n<meta name=\"twitter:site\" content=\"@badhotelrenesse\" \/>\n<meta name=\"twitter:label1\" content=\"Est. reading time\" \/>\n\t<meta name=\"twitter:data1\" content=\"2 minutes\" \/>\n<script type=\"application\/ld+json\" class=\"yoast-schema-graph\">{\"@context\":\"https:\/\/schema.org\",\"@graph\":[{\"@type\":\"WebPage\",\"@id\":\"https:\/\/www.badhotelrenesse.nl\/fr\/reunions\/demande-de-reunion\/\",\"url\":\"https:\/\/www.badhotelrenesse.nl\/fr\/reunions\/demande-de-reunion\/\",\"name\":\"Demande de r\u00e9union - Badhotel Renesse\",\"isPartOf\":{\"@id\":\"https:\/\/www.badhotelrenesse.nl\/fr\/#website\"},\"datePublished\":\"2016-09-19T10:56:38+00:00\",\"dateModified\":\"2022-11-04T07:49:34+00:00\",\"description\":\"Nous vous informons volontiers sur les possibilit\u00e9s que le Badhotel Renesse peut offrir \u00e0 votre organisation.\",\"breadcrumb\":{\"@id\":\"https:\/\/www.badhotelrenesse.nl\/fr\/reunions\/demande-de-reunion\/#breadcrumb\"},\"inLanguage\":\"fr-FR\",\"potentialAction\":[{\"@type\":\"ReadAction\",\"target\":[\"https:\/\/www.badhotelrenesse.nl\/fr\/reunions\/demande-de-reunion\/\"]}]},{\"@type\":\"BreadcrumbList\",\"@id\":\"https:\/\/www.badhotelrenesse.nl\/fr\/reunions\/demande-de-reunion\/#breadcrumb\",\"itemListElement\":[{\"@type\":\"ListItem\",\"position\":1,\"name\":\"Home\",\"item\":\"https:\/\/www.badhotelrenesse.nl\/fr\/home\/\"},{\"@type\":\"ListItem\",\"position\":2,\"name\":\"R\u00e9unions\",\"item\":\"https:\/\/www.badhotelrenesse.nl\/fr\/reunions\/\"},{\"@type\":\"ListItem\",\"position\":3,\"name\":\"Demande de r\u00e9union\"}]},{\"@type\":\"WebSite\",\"@id\":\"https:\/\/www.badhotelrenesse.nl\/fr\/#website\",\"url\":\"https:\/\/www.badhotelrenesse.nl\/fr\/\",\"name\":\"Badhotel Renesse\",\"description\":\"Hotel in Zeeland\",\"publisher\":{\"@id\":\"https:\/\/www.badhotelrenesse.nl\/fr\/#organization\"},\"potentialAction\":[{\"@type\":\"SearchAction\",\"target\":{\"@type\":\"EntryPoint\",\"urlTemplate\":\"https:\/\/www.badhotelrenesse.nl\/fr\/?s={search_term_string}\"},\"query-input\":{\"@type\":\"PropertyValueSpecification\",\"valueRequired\":true,\"valueName\":\"search_term_string\"}}],\"inLanguage\":\"fr-FR\"},{\"@type\":\"Organization\",\"@id\":\"https:\/\/www.badhotelrenesse.nl\/fr\/#organization\",\"name\":\"Badhotel Renesse\",\"url\":\"https:\/\/www.badhotelrenesse.nl\/fr\/\",\"logo\":{\"@type\":\"ImageObject\",\"inLanguage\":\"fr-FR\",\"@id\":\"https:\/\/www.badhotelrenesse.nl\/fr\/#\/schema\/logo\/image\/\",\"url\":\"https:\/\/www.badhotelrenesse.nl\/wp-content\/uploads\/2016\/06\/Logo-Badhotel-Renesse-large.png\",\"contentUrl\":\"https:\/\/www.badhotelrenesse.nl\/wp-content\/uploads\/2016\/06\/Logo-Badhotel-Renesse-large.png\",\"width\":200,\"height\":200,\"caption\":\"Badhotel Renesse\"},\"image\":{\"@id\":\"https:\/\/www.badhotelrenesse.nl\/fr\/#\/schema\/logo\/image\/\"},\"sameAs\":[\"https:\/\/nl-nl.facebook.com\/badhotel.renesse\",\"https:\/\/x.com\/badhotelrenesse\",\"http:\/\/www.youtube.com\/user\/badhotelrenesse\"]}]}<\/script>\n<!-- \/ Yoast SEO plugin. -->","yoast_head_json":{"title":"Demande de r\u00e9union - Badhotel Renesse","description":"Nous vous informons volontiers sur les possibilit\u00e9s que le Badhotel Renesse peut offrir \u00e0 votre organisation.","robots":{"index":"index","follow":"follow","max-snippet":"max-snippet:-1","max-image-preview":"max-image-preview:large","max-video-preview":"max-video-preview:-1"},"canonical":"https:\/\/www.badhotelrenesse.nl\/fr\/reunions\/demande-de-reunion\/","og_locale":"fr_FR","og_type":"article","og_title":"Demande de r\u00e9union - Badhotel Renesse","og_description":"Nous vous informons volontiers sur les possibilit\u00e9s que le Badhotel Renesse peut offrir \u00e0 votre organisation.","og_url":"https:\/\/www.badhotelrenesse.nl\/fr\/reunions\/demande-de-reunion\/","og_site_name":"Badhotel Renesse","article_publisher":"https:\/\/nl-nl.facebook.com\/badhotel.renesse","article_modified_time":"2022-11-04T07:49:34+00:00","twitter_card":"summary_large_image","twitter_site":"@badhotelrenesse","twitter_misc":{"Est. reading time":"2 minutes"},"schema":{"@context":"https:\/\/schema.org","@graph":[{"@type":"WebPage","@id":"https:\/\/www.badhotelrenesse.nl\/fr\/reunions\/demande-de-reunion\/","url":"https:\/\/www.badhotelrenesse.nl\/fr\/reunions\/demande-de-reunion\/","name":"Demande de r\u00e9union - Badhotel Renesse","isPartOf":{"@id":"https:\/\/www.badhotelrenesse.nl\/fr\/#website"},"datePublished":"2016-09-19T10:56:38+00:00","dateModified":"2022-11-04T07:49:34+00:00","description":"Nous vous informons volontiers sur les possibilit\u00e9s que le Badhotel Renesse peut offrir \u00e0 votre organisation.","breadcrumb":{"@id":"https:\/\/www.badhotelrenesse.nl\/fr\/reunions\/demande-de-reunion\/#breadcrumb"},"inLanguage":"fr-FR","potentialAction":[{"@type":"ReadAction","target":["https:\/\/www.badhotelrenesse.nl\/fr\/reunions\/demande-de-reunion\/"]}]},{"@type":"BreadcrumbList","@id":"https:\/\/www.badhotelrenesse.nl\/fr\/reunions\/demande-de-reunion\/#breadcrumb","itemListElement":[{"@type":"ListItem","position":1,"name":"Home","item":"https:\/\/www.badhotelrenesse.nl\/fr\/home\/"},{"@type":"ListItem","position":2,"name":"R\u00e9unions","item":"https:\/\/www.badhotelrenesse.nl\/fr\/reunions\/"},{"@type":"ListItem","position":3,"name":"Demande de r\u00e9union"}]},{"@type":"WebSite","@id":"https:\/\/www.badhotelrenesse.nl\/fr\/#website","url":"https:\/\/www.badhotelrenesse.nl\/fr\/","name":"Badhotel Renesse","description":"Hotel in Zeeland","publisher":{"@id":"https:\/\/www.badhotelrenesse.nl\/fr\/#organization"},"potentialAction":[{"@type":"SearchAction","target":{"@type":"EntryPoint","urlTemplate":"https:\/\/www.badhotelrenesse.nl\/fr\/?s={search_term_string}"},"query-input":{"@type":"PropertyValueSpecification","valueRequired":true,"valueName":"search_term_string"}}],"inLanguage":"fr-FR"},{"@type":"Organization","@id":"https:\/\/www.badhotelrenesse.nl\/fr\/#organization","name":"Badhotel Renesse","url":"https:\/\/www.badhotelrenesse.nl\/fr\/","logo":{"@type":"ImageObject","inLanguage":"fr-FR","@id":"https:\/\/www.badhotelrenesse.nl\/fr\/#\/schema\/logo\/image\/","url":"https:\/\/www.badhotelrenesse.nl\/wp-content\/uploads\/2016\/06\/Logo-Badhotel-Renesse-large.png","contentUrl":"https:\/\/www.badhotelrenesse.nl\/wp-content\/uploads\/2016\/06\/Logo-Badhotel-Renesse-large.png","width":200,"height":200,"caption":"Badhotel Renesse"},"image":{"@id":"https:\/\/www.badhotelrenesse.nl\/fr\/#\/schema\/logo\/image\/"},"sameAs":["https:\/\/nl-nl.facebook.com\/badhotel.renesse","https:\/\/x.com\/badhotelrenesse","http:\/\/www.youtube.com\/user\/badhotelrenesse"]}]}},"_links":{"self":[{"href":"https:\/\/www.badhotelrenesse.nl\/fr\/wp-json\/wp\/v2\/pages\/407","targetHints":{"allow":["GET"]}}],"collection":[{"href":"https:\/\/www.badhotelrenesse.nl\/fr\/wp-json\/wp\/v2\/pages"}],"about":[{"href":"https:\/\/www.badhotelrenesse.nl\/fr\/wp-json\/wp\/v2\/types\/page"}],"author":[{"embeddable":true,"href":"https:\/\/www.badhotelrenesse.nl\/fr\/wp-json\/wp\/v2\/users\/21"}],"replies":[{"embeddable":true,"href":"https:\/\/www.badhotelrenesse.nl\/fr\/wp-json\/wp\/v2\/comments?post=407"}],"version-history":[{"count":0,"href":"https:\/\/www.badhotelrenesse.nl\/fr\/wp-json\/wp\/v2\/pages\/407\/revisions"}],"up":[{"embeddable":true,"href":"https:\/\/www.badhotelrenesse.nl\/fr\/wp-json\/wp\/v2\/pages\/404"}],"wp:attachment":[{"href":"https:\/\/www.badhotelrenesse.nl\/fr\/wp-json\/wp\/v2\/media?parent=407"}],"curies":[{"name":"wp","href":"https:\/\/api.w.org\/{rel}","templated":true}]}}