{"id":421,"date":"2016-09-19T14:25:49","date_gmt":"2016-09-19T12:25:49","guid":{"rendered":"http:\/\/hotelrenesse.wpengine.com\/fr\/?page_id=421"},"modified":"2016-09-23T09:34:03","modified_gmt":"2016-09-23T07:34:03","slug":"offres-demplois","status":"publish","type":"page","link":"https:\/\/www.badhotelrenesse.nl\/fr\/offres-demplois\/","title":{"rendered":"Offres d&#8217;emplois"},"content":{"rendered":"<div   class='avia-fullscreen-slider main_color   avia-builder-el-0  el_before_av_section  avia-builder-el-first  container_wrap fullsize'  >\n<style type=\"text\/css\" data-created_by=\"avia_inline_auto\" id=\"style-css-av-av_fullscreen-ab928df88fa05929f652e93ee951ab87\">\n#top .avia-slideshow .av-slideshow-caption.av-av_fullscreen-ab928df88fa05929f652e93ee951ab87__0 .avia-caption-content{\nfont-size:28px;\n}\n#top .avia-slideshow .av-slideshow-caption.av-av_fullscreen-ab928df88fa05929f652e93ee951ab87__0 .avia-caption-content p{\nfont-size:28px;\n}\n<\/style>\n<a href='#next-section' title='' class='scroll-down-link av-control-minimal' aria-hidden='true' data-av_icon='\ue877' data-av_iconfont='entypo-fontello'><\/a><div  class='avia-slideshow av-av_fullscreen-ab928df88fa05929f652e93ee951ab87 av-control-minimal avia-slideshow-extra_large av_fullscreen avia-slide-slider av-slider-scroll-down-active av-default-height-applied   avia-slideshow-1'  data-size='extra_large'  data-lightbox_size='large'  data-animation='slide'  data-conditional_play=''  data-ids='66'  data-video_counter='0'  data-autoplay='false'  data-bg_slider='true'  data-slide_height='100'  data-handle='av_fullscreen'  data-interval='5'  data-class=''  data-extra_class=' '  data-el_id=''  data-css_id='fullscreen_slider_1'  data-scroll_down='aviaTBscroll_down'  data-control_layout='av-control-minimal'  data-custom_markup=''  data-perma_caption=''  data-autoplay_stopper=''  data-image_attachment=''  data-min_height='0px'  data-lazy_loading='disabled'  data-default-height='66.6666666667'  data-img_scrset=''  data-av-desktop-hide=''  data-av-medium-hide=''  data-av-small-hide=''  data-av-mini-hide=''  data-id=''  data-custom_class=''  data-template_class=''  data-av_uid=''  data-sc_version='1.0'  data-stretch=''  data-heading_tag=''  data-heading_class=''   itemprop=\"image\" itemscope=\"itemscope\" itemtype=\"https:\/\/schema.org\/ImageObject\" ><ul class='avia-slideshow-inner ' style='padding-bottom: 66.6666666667%;'><li style='background-position:center center;' data-img-url='https:\/\/www.badhotelrenesse.nl\/wp-content\/uploads\/2016\/06\/Cocktail-Final-1500x1000.jpg' class='avia-slideshow-slide av-av_fullscreen-ab928df88fa05929f652e93ee951ab87__0  av-single-slide slide-1 ' ><div data-rel='slideshow-1' class='avia-slide-wrap '   ><\/div><\/li><\/ul><\/div><\/div>\n<div id='intro'  class='avia-section av-av_section-d4208fc262991454a5c46f1c7d559b62 main_color avia-section-no-padding avia-no-border-styling  avia-builder-el-1  el_after_av_fullscreen  el_before_av_section  edgeindex avia-bg-style-scroll container_wrap fullsize'  ><div class='container av-section-cont-open' ><div class='template-page content  av-content-full alpha units'><div class='post-entry post-entry-type-page post-entry-421'><div class='entry-content-wrapper clearfix'>\n<div class='flex_column_table av-av_one_fourth-139bdc6aaf142d56801e1b289c1107d2 sc-av_one_fourth av-equal-height-column-flextable'>\n<style type=\"text\/css\" data-created_by=\"avia_inline_auto\" id=\"style-css-av-av_one_fourth-139bdc6aaf142d56801e1b289c1107d2\">\n.flex_column.av-av_one_fourth-139bdc6aaf142d56801e1b289c1107d2{\nborder-radius:0px 0px 0px 0px;\n-webkit-border-radius:0px 0px 0px 0px;\n-moz-border-radius:0px 0px 0px 0px;\n}\n<\/style>\n<div class='flex_column av-av_one_fourth-139bdc6aaf142d56801e1b289c1107d2 av_one_fourth  avia-builder-el-2  el_before_av_one_half  avia-builder-el-first  first no_margin flex_column_table_cell av-equal-height-column av-align-top av-zero-column-padding '   ><\/div>\n<style type=\"text\/css\" data-created_by=\"avia_inline_auto\" id=\"style-css-av-av_one_half-06963c655daf47ecd37205fbaf13ef05\">\n.flex_column.av-av_one_half-06963c655daf47ecd37205fbaf13ef05{\nborder-radius:10px 10px 10px 10px;\n-webkit-border-radius:10px 10px 10px 10px;\n-moz-border-radius:10px 10px 10px 10px;\npadding:20px 20px 20px 20px;\n}\n<\/style>\n<div class='flex_column av-av_one_half-06963c655daf47ecd37205fbaf13ef05 av_one_half  avia-builder-el-3  el_after_av_one_fourth  el_before_av_one_fourth  introheadertekst no_margin flex_column_table_cell av-equal-height-column av-align-top '   ><section  class='av_textblock_section av-av_textblock-62d75d64b3a9a1d14ec7632587428750'  itemscope=\"itemscope\" itemtype=\"https:\/\/schema.org\/CreativeWork\" ><div class='avia_textblock introblok'  itemprop=\"text\" ><h1 style=\"text-align: center;\">Offres d&#8217;emplois<\/h1>\n<\/div><\/section><\/div>\n<style type=\"text\/css\" data-created_by=\"avia_inline_auto\" id=\"style-css-av-av_one_fourth-96b8b3e4602814b30fda83b599dc53bd\">\n.flex_column.av-av_one_fourth-96b8b3e4602814b30fda83b599dc53bd{\nborder-radius:0px 0px 0px 0px;\n-webkit-border-radius:0px 0px 0px 0px;\n-moz-border-radius:0px 0px 0px 0px;\n}\n<\/style>\n<div class='flex_column av-av_one_fourth-96b8b3e4602814b30fda83b599dc53bd av_one_fourth  avia-builder-el-5  el_after_av_one_half  avia-builder-el-last  no_margin flex_column_table_cell av-equal-height-column av-align-top av-zero-column-padding '   ><\/div><\/div><!--close column table wrapper. Autoclose: 1 -->\n\n<\/div><\/div><\/div><!-- close content main div --><\/div><\/div><div id='av_section_2'  class='avia-section av-av_section-a59f1a4de48e50a42510ae43c12a4c70 main_color avia-section-small avia-no-border-styling  avia-builder-el-6  el_after_av_section  avia-builder-el-last  avia-bg-style-scroll container_wrap fullsize'  ><div class='container av-section-cont-open' ><div class='template-page content  av-content-full alpha units'><div class='post-entry post-entry-type-page post-entry-421'><div class='entry-content-wrapper clearfix'>\n\n<style type=\"text\/css\" data-created_by=\"avia_inline_auto\" id=\"style-css-av-av_two_third-31e4176295d280fd96259b8ac47b6503\">\n#top .flex_column.av-av_two_third-31e4176295d280fd96259b8ac47b6503{\nmargin-top:10px;\nmargin-bottom:0px;\n}\n.flex_column.av-av_two_third-31e4176295d280fd96259b8ac47b6503{\nborder-radius:0px 0px 0px 0px;\n-webkit-border-radius:0px 0px 0px 0px;\n-moz-border-radius:0px 0px 0px 0px;\npadding:30px 50px 30px 50px;\nbackground-color:#ffffff;\n}\n.responsive #top #wrap_all .flex_column.av-av_two_third-31e4176295d280fd96259b8ac47b6503{\nmargin-top:10px;\nmargin-bottom:0px;\n}\n<\/style>\n<div class='flex_column av-av_two_third-31e4176295d280fd96259b8ac47b6503 av_two_third  avia-builder-el-7  el_before_av_one_third  avia-builder-el-first  subpageblock1 first no_margin flex_column_div '   ><p><section  class='av_textblock_section av-av_textblock-35972167d9f102c5ddaec0c531c98b9e'  itemscope=\"itemscope\" itemtype=\"https:\/\/schema.org\/CreativeWork\" ><div class='avia_textblock'  itemprop=\"text\" ><p>Un d\u00e9fi professionnel int\u00e9ressant dans un environnement d\u00e9bordant d\u2019animation ! Badhotel Renesse est un h\u00f4tel-restaurant raffin\u00e9 qui attache une grande importance aux d\u00e9tails personnels.<br \/>\n\u00c0 la recherche d\u2019un emploi passionnant pour l\u2019\u00e9t\u00e9 prochain ? R\u00e9agissez sans attendre !<\/p>\n<\/div><\/section><br \/>\n<section  class='av_textblock_section av-av_textblock-35972167d9f102c5ddaec0c531c98b9e'  itemscope=\"itemscope\" itemtype=\"https:\/\/schema.org\/CreativeWork\" ><div class='avia_textblock'  itemprop=\"text\" ><p><strong>Cuisinier autonome : h\/f : <\/strong><\/p>\n<ul>\n<li>La cuisine est votre passion.<\/li>\n<li>Vous aimez le travail d\u2019\u00e9quipe et avez le sens de la qualit\u00e9.<\/li>\n<li>Vous \u00eates cr\u00e9atif et les saveurs sont inscrites dans vos g\u00e8nes.<\/li>\n<\/ul>\n<\/div><\/section><br \/>\n<section  class='av_textblock_section av-av_textblock-35972167d9f102c5ddaec0c531c98b9e'  itemscope=\"itemscope\" itemtype=\"https:\/\/schema.org\/CreativeWork\" ><div class='avia_textblock'  itemprop=\"text\" ><p><strong>Personnel de salle free-lance : h\/f : <\/strong><\/p>\n<ul>\n<li>Vous savez ce qu\u2019est le plaisir d\u2019un bon repas et d\u2019un bon vin.<\/li>\n<li>Vous comprenez le m\u00e9tier de serveur\/serveuse.<\/li>\n<\/ul>\n<\/div><\/section><br \/>\n<section  class='av_textblock_section av-av_textblock-35972167d9f102c5ddaec0c531c98b9e'  itemscope=\"itemscope\" itemtype=\"https:\/\/schema.org\/CreativeWork\" ><div class='avia_textblock'  itemprop=\"text\" ><p><strong>Plongeur free-lance : h\/f : <\/strong><\/p>\n<ul>\n<li>Vous \u00eates polyvalent et flexible.<\/li>\n<li>Vous avez l\u2019habitude de travailler de fa\u00e7on autonome et de retrousser vos manches.<\/li>\n<\/ul>\n<\/div><\/section><br \/>\n\n<style type=\"text\/css\" data-created_by=\"avia_inline_auto\" id=\"style-css-av-av_hr-628bae4eb3a56ca031c9e383e206c95c\">\n#top .hr.hr-invisible.av-av_hr-628bae4eb3a56ca031c9e383e206c95c{\nheight:20px;\n}\n<\/style>\n<div  class='hr av-av_hr-628bae4eb3a56ca031c9e383e206c95c hr-invisible  avia-builder-el-9  el_after_av_textblock  avia-builder-el-last '><span class='hr-inner '><span class=\"hr-inner-style\"><\/span><\/span><\/div><br \/>\n<div id='av-masonry-1' class='av-masonry av-av_masonry_gallery-8d314dac6a83987cda439cfb0ba3eef5 noHover av-flex-size av-no-gap av-hover-overlay-active av-masonry-animation-active av-masonry-col-flexible av-caption-always av-caption-style- av-masonry-gallery '><div class=\"av-masonry-container isotope av-js-disabled\"><div class='av-masonry-entry isotope-item av-masonry-item-no-image '><\/div><a href=\"https:\/\/www.badhotelrenesse.nl\/wp-content\/uploads\/2016\/07\/Keuken-5-1030x687.jpg\"  aria-label=\"image Keuken BadHotel Renesse 5\"  id='av-masonry-1-item-2272' data-av-masonry-item='2272' class='av-masonry-entry isotope-item post-2272 attachment type-attachment status-inherit hentry  av-masonry-item-with-image' title=\"Keuken BadHotel Renesse 5\" alt=\"\"   itemprop=\"thumbnailUrl\" ><div class='av-inner-masonry-sizer'><\/div><figure class='av-inner-masonry main_color'><div class=\"av-masonry-outerimage-container\"><div class='av-masonry-image-container'   ><img decoding=\"async\" src=\"https:\/\/www.badhotelrenesse.nl\/wp-content\/uploads\/2016\/07\/Keuken-5-705x470.jpg\" title=\"Keuken BadHotel Renesse 5\" alt=\"\" \/><\/div><\/div><\/figure><\/a><!--end av-masonry entry--><a href=\"https:\/\/www.badhotelrenesse.nl\/wp-content\/uploads\/2016\/06\/Bar-sitting-Final-1030x687.jpg\"  aria-label=\"image Bar Renesse, Zeeland\"  id='av-masonry-1-item-2173' data-av-masonry-item='2173' class='av-masonry-entry isotope-item post-2173 attachment type-attachment status-inherit hentry  av-masonry-item-with-image' title=\"Bar Renesse, Zeeland\" alt=\"\"   itemprop=\"thumbnailUrl\" ><div class='av-inner-masonry-sizer'><\/div><figure class='av-inner-masonry main_color'><div class=\"av-masonry-outerimage-container\"><div class='av-masonry-image-container'   ><img decoding=\"async\" src=\"https:\/\/www.badhotelrenesse.nl\/wp-content\/uploads\/2016\/06\/Bar-sitting-Final-705x470.jpg\" title=\"Bar Renesse, Zeeland\" alt=\"\" \/><\/div><\/div><\/figure><\/a><!--end av-masonry entry--><\/div><\/div><\/p><\/div>\n<style type=\"text\/css\" data-created_by=\"avia_inline_auto\" id=\"style-css-av-av_one_third-ae94e8201ee8aec216ee7f0df138b058\">\n#top .flex_column.av-av_one_third-ae94e8201ee8aec216ee7f0df138b058{\nmargin-top:10px;\nmargin-bottom:0px;\n}\n.flex_column.av-av_one_third-ae94e8201ee8aec216ee7f0df138b058{\nborder-radius:0px 0px 0px 0px;\n-webkit-border-radius:0px 0px 0px 0px;\n-moz-border-radius:0px 0px 0px 0px;\npadding:50px 50px 50px 50px;\nbackground-color:#95adb6;\n}\n.responsive #top #wrap_all .flex_column.av-av_one_third-ae94e8201ee8aec216ee7f0df138b058{\nmargin-top:10px;\nmargin-bottom:0px;\n}\n<\/style>\n<div class='flex_column av-av_one_third-ae94e8201ee8aec216ee7f0df138b058 av_one_third  avia-builder-el-10  el_after_av_two_third  el_before_av_two_third  subpageblock1 no_margin flex_column_div '   ><style type=\"text\/css\" data-created_by=\"avia_inline_auto\" id=\"style-css-av-av_textblock-e8931f3a3cb0ffe4e01460315f0ed18b\">\n#top .av_textblock_section.av-av_textblock-e8931f3a3cb0ffe4e01460315f0ed18b .avia_textblock{\ncolor:#ffffff;\n}\n<\/style>\n<section  class='av_textblock_section av-av_textblock-e8931f3a3cb0ffe4e01460315f0ed18b'  itemscope=\"itemscope\" itemtype=\"https:\/\/schema.org\/CreativeWork\" ><div class='avia_textblock av_inherit_color'  itemprop=\"text\" ><h3><strong>N\u2019h\u00e9sitez pas \u00e0 nous contacter ! <\/strong><\/h3>\n<p>Pour toute question sur ces offres d\u2019emplois, Appelez au +31 (0)111 462 500<\/p>\n<p>Si vous pensez correspondre \u00e0 l\u2019un de ces profils et souhaitez venir renforcer notre \u00e9quipe,<br \/>\nEnvoyez sans attendre votre lettre de candidature et votre CV \u00e0 : <a href=\"mailto:directie@badhotelrenesse.nl\">directie@badhotelrenesse.nl <\/a><\/p>\n<p>Ou par la poste \u00e0 l\u2019adresse suivante : Badhotel Renesse, Laone 2-6, 4325 EK, Renesse<br \/>\n(\u00e0 l\u2019attention de monsieur O. Davidse).<\/p>\n<\/div><\/section><\/div>\n","protected":false},"excerpt":{"rendered":"","protected":false},"author":21,"featured_media":0,"parent":0,"menu_order":0,"comment_status":"closed","ping_status":"closed","template":"","meta":{"footnotes":""},"class_list":["post-421","page","type-page","status-publish","hentry"],"yoast_head":"<!-- This site is optimized with the Yoast SEO plugin v27.0 - https:\/\/yoast.com\/product\/yoast-seo-wordpress\/ -->\n<title>Offres d&#039;emplois - Badhotel Renesse<\/title>\n<meta name=\"robots\" content=\"index, follow, max-snippet:-1, max-image-preview:large, max-video-preview:-1\" \/>\n<link rel=\"canonical\" href=\"https:\/\/www.badhotelrenesse.nl\/fr\/offres-demplois\/\" \/>\n<meta property=\"og:locale\" content=\"fr_FR\" \/>\n<meta property=\"og:type\" content=\"article\" \/>\n<meta property=\"og:title\" content=\"Offres d&#039;emplois - Badhotel Renesse\" \/>\n<meta property=\"og:url\" content=\"https:\/\/www.badhotelrenesse.nl\/fr\/offres-demplois\/\" \/>\n<meta property=\"og:site_name\" content=\"Badhotel Renesse\" \/>\n<meta property=\"article:publisher\" content=\"https:\/\/nl-nl.facebook.com\/badhotel.renesse\" \/>\n<meta property=\"article:modified_time\" content=\"2016-09-23T07:34:03+00:00\" \/>\n<meta name=\"twitter:card\" content=\"summary_large_image\" \/>\n<meta name=\"twitter:site\" content=\"@badhotelrenesse\" \/>\n<meta name=\"twitter:label1\" content=\"Est. reading time\" \/>\n\t<meta name=\"twitter:data1\" content=\"5 minutes\" \/>\n<script type=\"application\/ld+json\" class=\"yoast-schema-graph\">{\"@context\":\"https:\/\/schema.org\",\"@graph\":[{\"@type\":\"WebPage\",\"@id\":\"https:\/\/www.badhotelrenesse.nl\/fr\/offres-demplois\/\",\"url\":\"https:\/\/www.badhotelrenesse.nl\/fr\/offres-demplois\/\",\"name\":\"Offres d'emplois - Badhotel Renesse\",\"isPartOf\":{\"@id\":\"https:\/\/www.badhotelrenesse.nl\/fr\/#website\"},\"datePublished\":\"2016-09-19T12:25:49+00:00\",\"dateModified\":\"2016-09-23T07:34:03+00:00\",\"breadcrumb\":{\"@id\":\"https:\/\/www.badhotelrenesse.nl\/fr\/offres-demplois\/#breadcrumb\"},\"inLanguage\":\"fr-FR\",\"potentialAction\":[{\"@type\":\"ReadAction\",\"target\":[\"https:\/\/www.badhotelrenesse.nl\/fr\/offres-demplois\/\"]}]},{\"@type\":\"BreadcrumbList\",\"@id\":\"https:\/\/www.badhotelrenesse.nl\/fr\/offres-demplois\/#breadcrumb\",\"itemListElement\":[{\"@type\":\"ListItem\",\"position\":1,\"name\":\"Home\",\"item\":\"https:\/\/www.badhotelrenesse.nl\/fr\/home\/\"},{\"@type\":\"ListItem\",\"position\":2,\"name\":\"Offres d&#8217;emplois\"}]},{\"@type\":\"WebSite\",\"@id\":\"https:\/\/www.badhotelrenesse.nl\/fr\/#website\",\"url\":\"https:\/\/www.badhotelrenesse.nl\/fr\/\",\"name\":\"Badhotel Renesse\",\"description\":\"Hotel in Zeeland\",\"publisher\":{\"@id\":\"https:\/\/www.badhotelrenesse.nl\/fr\/#organization\"},\"potentialAction\":[{\"@type\":\"SearchAction\",\"target\":{\"@type\":\"EntryPoint\",\"urlTemplate\":\"https:\/\/www.badhotelrenesse.nl\/fr\/?s={search_term_string}\"},\"query-input\":{\"@type\":\"PropertyValueSpecification\",\"valueRequired\":true,\"valueName\":\"search_term_string\"}}],\"inLanguage\":\"fr-FR\"},{\"@type\":\"Organization\",\"@id\":\"https:\/\/www.badhotelrenesse.nl\/fr\/#organization\",\"name\":\"Badhotel Renesse\",\"url\":\"https:\/\/www.badhotelrenesse.nl\/fr\/\",\"logo\":{\"@type\":\"ImageObject\",\"inLanguage\":\"fr-FR\",\"@id\":\"https:\/\/www.badhotelrenesse.nl\/fr\/#\/schema\/logo\/image\/\",\"url\":\"https:\/\/www.badhotelrenesse.nl\/wp-content\/uploads\/2016\/06\/Logo-Badhotel-Renesse-large.png\",\"contentUrl\":\"https:\/\/www.badhotelrenesse.nl\/wp-content\/uploads\/2016\/06\/Logo-Badhotel-Renesse-large.png\",\"width\":200,\"height\":200,\"caption\":\"Badhotel Renesse\"},\"image\":{\"@id\":\"https:\/\/www.badhotelrenesse.nl\/fr\/#\/schema\/logo\/image\/\"},\"sameAs\":[\"https:\/\/nl-nl.facebook.com\/badhotel.renesse\",\"https:\/\/x.com\/badhotelrenesse\",\"http:\/\/www.youtube.com\/user\/badhotelrenesse\"]}]}<\/script>\n<!-- \/ Yoast SEO plugin. -->","yoast_head_json":{"title":"Offres d'emplois - Badhotel Renesse","robots":{"index":"index","follow":"follow","max-snippet":"max-snippet:-1","max-image-preview":"max-image-preview:large","max-video-preview":"max-video-preview:-1"},"canonical":"https:\/\/www.badhotelrenesse.nl\/fr\/offres-demplois\/","og_locale":"fr_FR","og_type":"article","og_title":"Offres d'emplois - Badhotel Renesse","og_url":"https:\/\/www.badhotelrenesse.nl\/fr\/offres-demplois\/","og_site_name":"Badhotel Renesse","article_publisher":"https:\/\/nl-nl.facebook.com\/badhotel.renesse","article_modified_time":"2016-09-23T07:34:03+00:00","twitter_card":"summary_large_image","twitter_site":"@badhotelrenesse","twitter_misc":{"Est. reading time":"5 minutes"},"schema":{"@context":"https:\/\/schema.org","@graph":[{"@type":"WebPage","@id":"https:\/\/www.badhotelrenesse.nl\/fr\/offres-demplois\/","url":"https:\/\/www.badhotelrenesse.nl\/fr\/offres-demplois\/","name":"Offres d'emplois - Badhotel Renesse","isPartOf":{"@id":"https:\/\/www.badhotelrenesse.nl\/fr\/#website"},"datePublished":"2016-09-19T12:25:49+00:00","dateModified":"2016-09-23T07:34:03+00:00","breadcrumb":{"@id":"https:\/\/www.badhotelrenesse.nl\/fr\/offres-demplois\/#breadcrumb"},"inLanguage":"fr-FR","potentialAction":[{"@type":"ReadAction","target":["https:\/\/www.badhotelrenesse.nl\/fr\/offres-demplois\/"]}]},{"@type":"BreadcrumbList","@id":"https:\/\/www.badhotelrenesse.nl\/fr\/offres-demplois\/#breadcrumb","itemListElement":[{"@type":"ListItem","position":1,"name":"Home","item":"https:\/\/www.badhotelrenesse.nl\/fr\/home\/"},{"@type":"ListItem","position":2,"name":"Offres d&#8217;emplois"}]},{"@type":"WebSite","@id":"https:\/\/www.badhotelrenesse.nl\/fr\/#website","url":"https:\/\/www.badhotelrenesse.nl\/fr\/","name":"Badhotel Renesse","description":"Hotel in Zeeland","publisher":{"@id":"https:\/\/www.badhotelrenesse.nl\/fr\/#organization"},"potentialAction":[{"@type":"SearchAction","target":{"@type":"EntryPoint","urlTemplate":"https:\/\/www.badhotelrenesse.nl\/fr\/?s={search_term_string}"},"query-input":{"@type":"PropertyValueSpecification","valueRequired":true,"valueName":"search_term_string"}}],"inLanguage":"fr-FR"},{"@type":"Organization","@id":"https:\/\/www.badhotelrenesse.nl\/fr\/#organization","name":"Badhotel Renesse","url":"https:\/\/www.badhotelrenesse.nl\/fr\/","logo":{"@type":"ImageObject","inLanguage":"fr-FR","@id":"https:\/\/www.badhotelrenesse.nl\/fr\/#\/schema\/logo\/image\/","url":"https:\/\/www.badhotelrenesse.nl\/wp-content\/uploads\/2016\/06\/Logo-Badhotel-Renesse-large.png","contentUrl":"https:\/\/www.badhotelrenesse.nl\/wp-content\/uploads\/2016\/06\/Logo-Badhotel-Renesse-large.png","width":200,"height":200,"caption":"Badhotel Renesse"},"image":{"@id":"https:\/\/www.badhotelrenesse.nl\/fr\/#\/schema\/logo\/image\/"},"sameAs":["https:\/\/nl-nl.facebook.com\/badhotel.renesse","https:\/\/x.com\/badhotelrenesse","http:\/\/www.youtube.com\/user\/badhotelrenesse"]}]}},"_links":{"self":[{"href":"https:\/\/www.badhotelrenesse.nl\/fr\/wp-json\/wp\/v2\/pages\/421","targetHints":{"allow":["GET"]}}],"collection":[{"href":"https:\/\/www.badhotelrenesse.nl\/fr\/wp-json\/wp\/v2\/pages"}],"about":[{"href":"https:\/\/www.badhotelrenesse.nl\/fr\/wp-json\/wp\/v2\/types\/page"}],"author":[{"embeddable":true,"href":"https:\/\/www.badhotelrenesse.nl\/fr\/wp-json\/wp\/v2\/users\/21"}],"replies":[{"embeddable":true,"href":"https:\/\/www.badhotelrenesse.nl\/fr\/wp-json\/wp\/v2\/comments?post=421"}],"version-history":[{"count":0,"href":"https:\/\/www.badhotelrenesse.nl\/fr\/wp-json\/wp\/v2\/pages\/421\/revisions"}],"wp:attachment":[{"href":"https:\/\/www.badhotelrenesse.nl\/fr\/wp-json\/wp\/v2\/media?parent=421"}],"curies":[{"name":"wp","href":"https:\/\/api.w.org\/{rel}","templated":true}]}}