{"id":548,"date":"2016-11-04T11:20:23","date_gmt":"2016-11-04T09:20:23","guid":{"rendered":"http:\/\/www.badhotelrenesse.nl\/fr\/?page_id=548"},"modified":"2026-03-10T10:46:20","modified_gmt":"2026-03-10T08:46:20","slug":"fetes-zeeland","status":"publish","type":"page","link":"https:\/\/www.badhotelrenesse.nl\/fr\/fetes-zeeland\/","title":{"rendered":"F\u00eates Zeeland"},"content":{"rendered":"<div   class='avia-fullscreen-slider main_color   avia-builder-el-0  el_before_av_section  avia-builder-el-first  container_wrap fullsize'  ><div  class='avia-slideshow av-3ct86k-aacd82e6ec58b06251542ec7b2b10d7f av-control-minimal avia-slideshow-extra_large av_fullscreen avia-slide-slider av-default-height-applied   avia-slideshow-1'  data-size='extra_large'  data-lightbox_size='large'  data-animation='slide'  data-conditional_play=''  data-ids='6508'  data-video_counter='0'  data-autoplay='false'  data-bg_slider='true'  data-slide_height='100'  data-handle='av_fullscreen'  data-interval='5'  data-class=''  data-extra_class=' '  data-el_id=''  data-css_id='fullscreen_slider_1'  data-scroll_down=''  data-control_layout='av-control-minimal'  data-custom_markup=''  data-perma_caption=''  data-autoplay_stopper=''  data-image_attachment=''  data-min_height='0px'  data-lazy_loading='disabled'  data-default-height='61.4666666667'  data-img_scrset=''  data-av-desktop-hide=''  data-av-medium-hide=''  data-av-small-hide=''  data-av-mini-hide=''  data-id=''  data-custom_class=''  data-template_class=''  data-av_uid='av-3ct86k'  data-sc_version='1.0'  data-stretch=''  data-heading_tag=''  data-heading_class=''   itemprop=\"image\" itemscope=\"itemscope\" itemtype=\"https:\/\/schema.org\/ImageObject\" ><ul class='avia-slideshow-inner ' style='padding-bottom: 61.4666666667%;'><li style='background-position:center center;' data-img-url='https:\/\/www.badhotelrenesse.nl\/wp-content\/uploads\/2025\/09\/badhotel-renesse-feestdagen-header2-1500x922.webp' class='avia-slideshow-slide av-3ct86k-aacd82e6ec58b06251542ec7b2b10d7f__0  av-single-slide slide-1 ' ><div data-rel='slideshow-1' class='avia-slide-wrap '   ><div class='av-slideshow-caption av-3ct86k-aacd82e6ec58b06251542ec7b2b10d7f__0 caption_fullwidth caption_center caption_center_framed caption_framed'><div class=\"container caption_container\"><div class=\"slideshow_caption\"><div class=\"slideshow_inner_caption\"><div class=\"slideshow_align_caption\"><h2 class='avia-caption-title '  itemprop=\"name\" >C\u00e9l\u00e9brez les f\u00eates en Z\u00e9lande !<\/h2><\/div><\/div><\/div><\/div><\/div><\/div><\/li><\/ul><\/div><\/div>\n<div id='intro'  class='avia-section av-2wbzp8-60dd18a0fdb884be0aaf73039a63bcf4 main_color avia-section-no-padding avia-no-border-styling  avia-builder-el-1  el_after_av_fullscreen  el_before_av_section  edgeindex avia-bg-style-scroll container_wrap fullsize'  ><div class='container av-section-cont-open' ><div class='template-page content  av-content-full alpha units'><div class='post-entry post-entry-type-page post-entry-548'><div class='entry-content-wrapper clearfix'>\n<div class='flex_column_table av-2ss5uk-40bba7213a510a7ec52922c460e37f69 sc-av_one_fourth av-equal-height-column-flextable'>\n<style type=\"text\/css\" data-created_by=\"avia_inline_auto\" id=\"style-css-av-2ss5uk-40bba7213a510a7ec52922c460e37f69\">\n.flex_column.av-2ss5uk-40bba7213a510a7ec52922c460e37f69{\nborder-radius:0px 0px 0px 0px;\n-webkit-border-radius:0px 0px 0px 0px;\n-moz-border-radius:0px 0px 0px 0px;\n}\n<\/style>\n<div class='flex_column av-2ss5uk-40bba7213a510a7ec52922c460e37f69 av_one_fourth  avia-builder-el-2  el_before_av_one_half  avia-builder-el-first  first no_margin flex_column_table_cell av-equal-height-column av-align-top av-zero-column-padding '   ><\/div>\n<style type=\"text\/css\" data-created_by=\"avia_inline_auto\" id=\"style-css-av-2moaq4-5ccd5ff3245045dbb4e2e16239ccb2e8\">\n.flex_column.av-2moaq4-5ccd5ff3245045dbb4e2e16239ccb2e8{\nborder-radius:10px 10px 10px 10px;\n-webkit-border-radius:10px 10px 10px 10px;\n-moz-border-radius:10px 10px 10px 10px;\npadding:20px 20px 20px 20px;\n}\n<\/style>\n<div class='flex_column av-2moaq4-5ccd5ff3245045dbb4e2e16239ccb2e8 av_one_half  avia-builder-el-3  el_after_av_one_fourth  el_before_av_one_fourth  introheadertekst no_margin flex_column_table_cell av-equal-height-column av-align-top '   ><section  class='av_textblock_section av-8h6j8-49bd83a2fbe3dcc09bfd668fac0ea64b'  itemscope=\"itemscope\" itemtype=\"https:\/\/schema.org\/CreativeWork\" ><div class='avia_textblock introblok'  itemprop=\"text\" ><h1 style=\"text-align: center;\">F<span id=\"result_box\" class=\"short_text\" lang=\"fr\"><span class=\"\">\u00eates<\/span><\/span> en Zeeland<\/h1>\n<\/div><\/section><\/div>\n<style type=\"text\/css\" data-created_by=\"avia_inline_auto\" id=\"style-css-av-2b8mic-bce33c4ce2a5c65da3eefce92001b0e8\">\n.flex_column.av-2b8mic-bce33c4ce2a5c65da3eefce92001b0e8{\nborder-radius:0px 0px 0px 0px;\n-webkit-border-radius:0px 0px 0px 0px;\n-moz-border-radius:0px 0px 0px 0px;\n}\n<\/style>\n<div class='flex_column av-2b8mic-bce33c4ce2a5c65da3eefce92001b0e8 av_one_fourth  avia-builder-el-5  el_after_av_one_half  avia-builder-el-last  no_margin flex_column_table_cell av-equal-height-column av-align-top av-zero-column-padding '   ><\/div><\/div><!--close column table wrapper. Autoclose: 1 -->\n\n<\/div><\/div><\/div><!-- close content main div --><\/div><\/div><div id='av_section_2'  class='avia-section av-3legvh-db3afd0bde01c18945e9cf1235e07052 main_color avia-section-small avia-no-border-styling  avia-builder-el-6  el_after_av_section  avia-builder-el-last  avia-bg-style-scroll container_wrap fullsize'  ><div class='container av-section-cont-open' ><div class='template-page content  av-content-full alpha units'><div class='post-entry post-entry-type-page post-entry-548'><div class='entry-content-wrapper clearfix'>\n<div class='flex_column_table av-1rgayt-5b84d0a3b33963b80136c76c1fa4f6c4 sc-av_one_half av-equal-height-column-flextable'>\n<style type=\"text\/css\" data-created_by=\"avia_inline_auto\" id=\"style-css-av-1rgayt-5b84d0a3b33963b80136c76c1fa4f6c4\">\n#top .flex_column_table.av-equal-height-column-flextable.av-1rgayt-5b84d0a3b33963b80136c76c1fa4f6c4{\nmargin-top:10px;\nmargin-bottom:10px;\n}\n.flex_column.av-1rgayt-5b84d0a3b33963b80136c76c1fa4f6c4{\nborder-radius:0px 0px 0px 0px;\n-webkit-border-radius:0px 0px 0px 0px;\n-moz-border-radius:0px 0px 0px 0px;\npadding:50px 50px 50px 50px;\nbackground:url(https:\/\/www.badhotelrenesse.nl\/wp-content\/uploads\/2023\/11\/badhotel_renesse_kerstarrangement.webp) 50% 0% no-repeat scroll #a36440;\n}\n<\/style>\n<div class='flex_column av-1rgayt-5b84d0a3b33963b80136c76c1fa4f6c4 av_one_half  avia-builder-el-7  el_before_av_one_half  avia-builder-el-first  fotoblok first no_margin flex_column_table_cell av-equal-height-column av-align-top avia-full-contain '   ><\/div>\n<style type=\"text\/css\" data-created_by=\"avia_inline_auto\" id=\"style-css-av-1ltghx-f5bf15ee843bf0cd81c86b360221d3a3\">\n#top .flex_column_table.av-equal-height-column-flextable.av-1ltghx-f5bf15ee843bf0cd81c86b360221d3a3{\nmargin-top:10px;\nmargin-bottom:10px;\n}\n.flex_column.av-1ltghx-f5bf15ee843bf0cd81c86b360221d3a3{\nborder-radius:0px 0px 0px 0px;\n-webkit-border-radius:0px 0px 0px 0px;\n-moz-border-radius:0px 0px 0px 0px;\npadding:50px 50px 50px 50px;\nbackground-color:#a36440;\n}\n<\/style>\n<div class='flex_column av-1ltghx-f5bf15ee843bf0cd81c86b360221d3a3 av_one_half  avia-builder-el-8  el_after_av_one_half  el_before_av_one_half  no_margin flex_column_table_cell av-equal-height-column av-align-top '   ><p>\n<style type=\"text\/css\" data-created_by=\"avia_inline_auto\" id=\"style-css-av-a1alg-b237e44a0b1e83b7c21cd65ecff24a8d\">\n#top .av-special-heading.av-a1alg-b237e44a0b1e83b7c21cd65ecff24a8d{\npadding-bottom:20px;\ncolor:#ffffff;\n}\nbody .av-special-heading.av-a1alg-b237e44a0b1e83b7c21cd65ecff24a8d .av-special-heading-tag .heading-char{\nfont-size:25px;\n}\n.av-special-heading.av-a1alg-b237e44a0b1e83b7c21cd65ecff24a8d .special-heading-inner-border{\nborder-color:#ffffff;\n}\n.av-special-heading.av-a1alg-b237e44a0b1e83b7c21cd65ecff24a8d .av-subheading{\nfont-size:15px;\n}\n<\/style>\n<div  class='av-special-heading av-a1alg-b237e44a0b1e83b7c21cd65ecff24a8d av-special-heading-h2 custom-color-heading blockquote modern-quote modern-centered  avia-builder-el-9  el_before_av_textblock  avia-builder-el-first  av-linked-heading'><h2 class='av-special-heading-tag'  itemprop=\"headline\"  >ARRANGEMENT NO\u00cbL<\/h2><div class=\"special-heading-border\"><div class=\"special-heading-inner-border\"><\/div><\/div><\/div><br \/>\n\n<style type=\"text\/css\" data-created_by=\"avia_inline_auto\" id=\"style-css-av-18z47h-63fc6a1a4b3efa70f5732ac0ec4e5595\">\n#top .av_textblock_section.av-18z47h-63fc6a1a4b3efa70f5732ac0ec4e5595 .avia_textblock{\ncolor:#ffffff;\n}\n<\/style>\n<section  class='av_textblock_section av-18z47h-63fc6a1a4b3efa70f5732ac0ec4e5595'  itemscope=\"itemscope\" itemtype=\"https:\/\/schema.org\/CreativeWork\" ><div class='avia_textblock av_inherit_color'  itemprop=\"text\" ><p><strong>Arriv\u00e9e le 24 d\u00e9cembre 2026 \u2013 d\u00e9part le 26 d\u00e9cembre 2026<\/strong><br \/>\n(aucune autre date d\u2019arriv\u00e9e ou de d\u00e9part possible)<\/p>\n<ul>\n<li>2 nuits avec petit-d\u00e9jeuner buffet copieux inclus<\/li>\n<li>Le premier soir, un d\u00eener au choix en 3 plats avec une sp\u00e9cialit\u00e9 de poisson ou de viande<\/li>\n<li>Participation facultative \u00e0 la messe de No\u00ebl, suivie d\u2019un caf\u00e9 et de brioche de No\u00ebl<\/li>\n<li>Le jour de No\u00ebl, un d\u00eener de No\u00ebl gastronomique en 5 plats<\/li>\n<li>Une journ\u00e9e d\u2019utilisation gratuite de nos v\u00e9los d\u2019h\u00f4tel<\/li>\n<\/ul>\n<p><strong> Tarif chambre standard : \u00e0 partir de 309,00 \u20ac par personne<\/strong><\/p>\n<\/div><\/section><br \/>\n\n<style type=\"text\/css\" data-created_by=\"avia_inline_auto\" id=\"style-css-av-mk1n6wii-b74c38f032fab1f0a0e5f11f493f6e61\">\n#top .hr.hr-invisible.av-mk1n6wii-b74c38f032fab1f0a0e5f11f493f6e61{\nheight:18px;\n}\n<\/style>\n<div  class='hr av-mk1n6wii-b74c38f032fab1f0a0e5f11f493f6e61 hr-invisible  avia-builder-el-11  el_after_av_textblock  el_before_av_button '><span class='hr-inner '><span class=\"hr-inner-style\"><\/span><\/span><\/div><br \/>\n<div  class='avia-button-wrap avia-button-left  avia-builder-el-12  el_after_av_hr  avia-builder-el-last ' >\n<style type=\"text\/css\" data-created_by=\"avia_inline_auto\" id=\"style-css-av-15cxh9-78a3a3c40b224258b0c1ec5b8621db27\">\n#top #wrap_all .avia-button.av-15cxh9-78a3a3c40b224258b0c1ec5b8621db27{\nbackground-color:#ffffff;\nborder-color:#ffffff;\ncolor:#000000;\ntransition:all 0.4s ease-in-out;\n-webkit-transition:all 0.4s ease-in-out;\n-moz-transition:all 0.4s ease-in-out;\n-ms-transition:all 0.4s ease-in-out;\n-o-transition:all 0.4s ease-in-out;\n}\n<\/style>\n<a href='mailto:mailto:info@badhotelrenesse.nl?subject=Reserveringsaanvraag%20Driedaags%20Kerstarrangement%20van%20badhotelrenesse.nl'  class='avia-button av-15cxh9-78a3a3c40b224258b0c1ec5b8621db27 avia-icon_select-yes-left-icon avia-size-medium avia-position-left' ><span class='avia_button_icon avia_button_icon_left' aria-hidden='true' data-av_icon='\ue81f' data-av_iconfont='entypo-fontello'><\/span><span class='avia_iconbox_title' >Mail pour tarifs &amp; dispos<\/span><\/a><\/div><\/p><\/div><\/div><!--close column table wrapper. Autoclose: 1 --><div class='flex_column_table av-ku2dvle8-f6b0387de4ce8ff2bff4821f1a56aab2 sc-av_one_half av-equal-height-column-flextable'>\n<style type=\"text\/css\" data-created_by=\"avia_inline_auto\" id=\"style-css-av-ku2dvle8-f6b0387de4ce8ff2bff4821f1a56aab2\">\n#top .flex_column_table.av-equal-height-column-flextable.av-ku2dvle8-f6b0387de4ce8ff2bff4821f1a56aab2{\nmargin-top:10px;\nmargin-bottom:10px;\n}\n.flex_column.av-ku2dvle8-f6b0387de4ce8ff2bff4821f1a56aab2{\nborder-radius:0px 0px 0px 0px;\n-webkit-border-radius:0px 0px 0px 0px;\n-moz-border-radius:0px 0px 0px 0px;\npadding:50px 50px 50px 50px;\nbackground:url(https:\/\/www.badhotelrenesse.nl\/wp-content\/uploads\/2020\/01\/oudnieuw-1200x800.jpg) 50% 0% no-repeat scroll #eee0cb;\n}\n<\/style>\n<div class='flex_column av-ku2dvle8-f6b0387de4ce8ff2bff4821f1a56aab2 av_one_half  avia-builder-el-13  el_after_av_one_half  el_before_av_one_half  fotoblok first no_margin flex_column_table_cell av-equal-height-column av-align-top avia-full-contain column-top-margin'   ><\/div>\n<style type=\"text\/css\" data-created_by=\"avia_inline_auto\" id=\"style-css-av-ku2dvs6t-ab2aa1095a42ae1073d0b5c05a67f461\">\n#top .flex_column_table.av-equal-height-column-flextable.av-ku2dvs6t-ab2aa1095a42ae1073d0b5c05a67f461{\nmargin-top:10px;\nmargin-bottom:10px;\n}\n.flex_column.av-ku2dvs6t-ab2aa1095a42ae1073d0b5c05a67f461{\nborder-radius:0px 0px 0px 0px;\n-webkit-border-radius:0px 0px 0px 0px;\n-moz-border-radius:0px 0px 0px 0px;\npadding:50px 50px 50px 50px;\nbackground-color:#eee0cb;\n}\n<\/style>\n<div class='flex_column av-ku2dvs6t-ab2aa1095a42ae1073d0b5c05a67f461 av_one_half  avia-builder-el-14  el_after_av_one_half  avia-builder-el-last  no_margin flex_column_table_cell av-equal-height-column av-align-top column-top-margin'   ><p>\n<style type=\"text\/css\" data-created_by=\"avia_inline_auto\" id=\"style-css-av-ku2dygah-220c50756b95e803fcc524cb51056505\">\n#top .av-special-heading.av-ku2dygah-220c50756b95e803fcc524cb51056505{\npadding-bottom:20px;\ncolor:#000000;\n}\nbody .av-special-heading.av-ku2dygah-220c50756b95e803fcc524cb51056505 .av-special-heading-tag .heading-char{\nfont-size:25px;\n}\n.av-special-heading.av-ku2dygah-220c50756b95e803fcc524cb51056505 .special-heading-inner-border{\nborder-color:#000000;\n}\n.av-special-heading.av-ku2dygah-220c50756b95e803fcc524cb51056505 .av-subheading{\nfont-size:15px;\n}\n<\/style>\n<div  class='av-special-heading av-ku2dygah-220c50756b95e803fcc524cb51056505 av-special-heading-h2 custom-color-heading blockquote modern-quote modern-centered  avia-builder-el-15  el_before_av_textblock  avia-builder-el-first  av-linked-heading'><h2 class='av-special-heading-tag'  itemprop=\"headline\"  > SAINT-SYLVESTRE<\/h2><div class=\"special-heading-border\"><div class=\"special-heading-inner-border\"><\/div><\/div><\/div><br \/>\n\n<style type=\"text\/css\" data-created_by=\"avia_inline_auto\" id=\"style-css-av-ku2dy9ev-06c16eca10406c66dad29461ba131985\">\n#top .av_textblock_section.av-ku2dy9ev-06c16eca10406c66dad29461ba131985 .avia_textblock{\ncolor:#000000;\n}\n<\/style>\n<section  class='av_textblock_section av-ku2dy9ev-06c16eca10406c66dad29461ba131985'  itemscope=\"itemscope\" itemtype=\"https:\/\/schema.org\/CreativeWork\" ><div class='avia_textblock av_inherit_color'  itemprop=\"text\" ><p>Fid\u00e8le \u00e0 sa tradition, Badhotel Renesse organisera pour la fin de l&rsquo;ann\u00e9e une f\u00eate inoubliable que vous ne devez manquer sous aucun pr\u00e9texte! Les braseros seront allum\u00e9s au retour d&rsquo;une promenade sur les superbes plages de Renesse.<\/p>\n<p>Vous pourrez reprendre des forces dans le bar confortable de l&rsquo;h\u00f4tel o\u00f9 le vin chaud vous attend. Nous avons cette ann\u00e9e r\u00e9ussi \u00e0\u00a0 mettre la main sur un orchestre ph\u00e9nom\u00e9nal qui mettra une ambiance irr\u00e9sistible tout au long de la soir\u00e9e. Le r\u00e9pertoire de l&rsquo;orchestre vous fera voyage au Mexique en passant par les Cara\u00efbes et le pays du jazz, avec bien entendu quelques grands classiques de la pop !<\/p>\n<p>L&rsquo;\u00e9quipe de la cuisine fera \u00e9galement tout cette ann\u00e9e pour se surpasser avec de grandioses buffets, de d\u00e9licieuses sp\u00e9cialit\u00e9s et des desserts in\u00e9galables. Nous sabrerons volontiers le Champagne avec vous pour marquer le d\u00e9but d&rsquo;une fantastique nouvelle ann\u00e9e.<\/p>\n<p><strong>Arriv\u00e9e en 30 decembre 2026 &#8211; d\u00e9part en 1 janvier 2027<\/strong><\/p>\n<ul>\n<li>\n<div>2 nuit\u00e9es dans une chambre double<\/div>\n<\/li>\n<li>\n<div>2x buffet de petite d\u00e9jeuner<\/div>\n<\/li>\n<li>\n<div>En 30 decembre, une menu 3-services en <a href=\"https:\/\/www.brasseriebries.nl\" target=\"_blank\" rel=\"noopener\">Brasserie Bries<\/a><\/div>\n<\/li>\n<li>\n<div>En 31 decembre, des buffets gastronomique avec des specialit\u00e9s froid et chaud<\/div>\n<\/li>\n<li>\n<div>Vin chaud dans le bar en Saint-Sylvestre<\/div>\n<\/li>\n<li>\n<div>Une partie Sylvestre m\u00e9morable avec Live musique<\/div>\n<\/li>\n<\/ul>\n<p><span style=\"color: #000000;\"><strong>Tarif chambre standard : \u00e0 partir de 425,00 \u20ac par personne<\/strong><\/span><\/p>\n<\/div><\/section><br \/>\n\n<style type=\"text\/css\" data-created_by=\"avia_inline_auto\" id=\"style-css-av-8eyac-f905433fdc4f9241642b406fe0ed7320\">\n#top .hr.hr-invisible.av-8eyac-f905433fdc4f9241642b406fe0ed7320{\nheight:18px;\n}\n<\/style>\n<div  class='hr av-8eyac-f905433fdc4f9241642b406fe0ed7320 hr-invisible  avia-builder-el-17  el_after_av_textblock  el_before_av_button '><span class='hr-inner '><span class=\"hr-inner-style\"><\/span><\/span><\/div><br \/>\n<div  class='avia-button-wrap avia-button-left  avia-builder-el-18  el_after_av_hr  avia-builder-el-last ' >\n<style type=\"text\/css\" data-created_by=\"avia_inline_auto\" id=\"style-css-av-ku2dzp19-ec5fee5838552443a12694de84cb2352\">\n#top #wrap_all .avia-button.av-ku2dzp19-ec5fee5838552443a12694de84cb2352{\nbackground-color:#a36440;\nborder-color:#a36440;\ncolor:#ffffff;\ntransition:all 0.4s ease-in-out;\n-webkit-transition:all 0.4s ease-in-out;\n-moz-transition:all 0.4s ease-in-out;\n-ms-transition:all 0.4s ease-in-out;\n-o-transition:all 0.4s ease-in-out;\n}\n<\/style>\n<a href='mailto:mailto:info@badhotelrenesse.nl?subject=Reserveringsaanvraag%20Sylvesterarrangement%20van%20badhotelrenesse.nl'  class='avia-button av-ku2dzp19-ec5fee5838552443a12694de84cb2352 avia-icon_select-yes-left-icon avia-size-medium avia-position-left' ><span class='avia_button_icon avia_button_icon_left' aria-hidden='true' data-av_icon='\ue81f' data-av_iconfont='entypo-fontello'><\/span><span class='avia_iconbox_title' >Mail pour tarifs &amp; dispos<\/span><\/a><\/div><\/p><\/div><\/div><!--close column table wrapper. Autoclose: 1 -->\n","protected":false},"excerpt":{"rendered":"","protected":false},"author":21,"featured_media":0,"parent":0,"menu_order":0,"comment_status":"closed","ping_status":"closed","template":"","meta":{"footnotes":""},"class_list":["post-548","page","type-page","status-publish","hentry"],"yoast_head":"<!-- This site is optimized with the Yoast SEO plugin v27.0 - https:\/\/yoast.com\/product\/yoast-seo-wordpress\/ -->\n<title>F\u00eates Zeeland - Badhotel Renesse<\/title>\n<meta name=\"robots\" content=\"index, follow, max-snippet:-1, max-image-preview:large, max-video-preview:-1\" \/>\n<link rel=\"canonical\" href=\"https:\/\/www.badhotelrenesse.nl\/fr\/fetes-zeeland\/\" \/>\n<meta property=\"og:locale\" content=\"fr_FR\" \/>\n<meta property=\"og:type\" content=\"article\" \/>\n<meta property=\"og:title\" content=\"F\u00eates Zeeland - Badhotel Renesse\" \/>\n<meta property=\"og:url\" content=\"https:\/\/www.badhotelrenesse.nl\/fr\/fetes-zeeland\/\" \/>\n<meta property=\"og:site_name\" content=\"Badhotel Renesse\" \/>\n<meta property=\"article:publisher\" content=\"https:\/\/nl-nl.facebook.com\/badhotel.renesse\" \/>\n<meta property=\"article:modified_time\" content=\"2026-03-10T08:46:20+00:00\" \/>\n<meta name=\"twitter:card\" content=\"summary_large_image\" \/>\n<meta name=\"twitter:site\" content=\"@badhotelrenesse\" \/>\n<meta name=\"twitter:label1\" content=\"Est. reading time\" \/>\n\t<meta name=\"twitter:data1\" content=\"5 minutes\" \/>\n<script type=\"application\/ld+json\" class=\"yoast-schema-graph\">{\"@context\":\"https:\/\/schema.org\",\"@graph\":[{\"@type\":\"WebPage\",\"@id\":\"https:\/\/www.badhotelrenesse.nl\/fr\/fetes-zeeland\/\",\"url\":\"https:\/\/www.badhotelrenesse.nl\/fr\/fetes-zeeland\/\",\"name\":\"F\u00eates Zeeland - Badhotel Renesse\",\"isPartOf\":{\"@id\":\"https:\/\/www.badhotelrenesse.nl\/fr\/#website\"},\"datePublished\":\"2016-11-04T09:20:23+00:00\",\"dateModified\":\"2026-03-10T08:46:20+00:00\",\"breadcrumb\":{\"@id\":\"https:\/\/www.badhotelrenesse.nl\/fr\/fetes-zeeland\/#breadcrumb\"},\"inLanguage\":\"fr-FR\",\"potentialAction\":[{\"@type\":\"ReadAction\",\"target\":[\"https:\/\/www.badhotelrenesse.nl\/fr\/fetes-zeeland\/\"]}]},{\"@type\":\"BreadcrumbList\",\"@id\":\"https:\/\/www.badhotelrenesse.nl\/fr\/fetes-zeeland\/#breadcrumb\",\"itemListElement\":[{\"@type\":\"ListItem\",\"position\":1,\"name\":\"Home\",\"item\":\"https:\/\/www.badhotelrenesse.nl\/fr\/home\/\"},{\"@type\":\"ListItem\",\"position\":2,\"name\":\"F\u00eates Zeeland\"}]},{\"@type\":\"WebSite\",\"@id\":\"https:\/\/www.badhotelrenesse.nl\/fr\/#website\",\"url\":\"https:\/\/www.badhotelrenesse.nl\/fr\/\",\"name\":\"Badhotel Renesse\",\"description\":\"Hotel in Zeeland\",\"publisher\":{\"@id\":\"https:\/\/www.badhotelrenesse.nl\/fr\/#organization\"},\"potentialAction\":[{\"@type\":\"SearchAction\",\"target\":{\"@type\":\"EntryPoint\",\"urlTemplate\":\"https:\/\/www.badhotelrenesse.nl\/fr\/?s={search_term_string}\"},\"query-input\":{\"@type\":\"PropertyValueSpecification\",\"valueRequired\":true,\"valueName\":\"search_term_string\"}}],\"inLanguage\":\"fr-FR\"},{\"@type\":\"Organization\",\"@id\":\"https:\/\/www.badhotelrenesse.nl\/fr\/#organization\",\"name\":\"Badhotel Renesse\",\"url\":\"https:\/\/www.badhotelrenesse.nl\/fr\/\",\"logo\":{\"@type\":\"ImageObject\",\"inLanguage\":\"fr-FR\",\"@id\":\"https:\/\/www.badhotelrenesse.nl\/fr\/#\/schema\/logo\/image\/\",\"url\":\"https:\/\/www.badhotelrenesse.nl\/wp-content\/uploads\/2016\/06\/Logo-Badhotel-Renesse-large.png\",\"contentUrl\":\"https:\/\/www.badhotelrenesse.nl\/wp-content\/uploads\/2016\/06\/Logo-Badhotel-Renesse-large.png\",\"width\":200,\"height\":200,\"caption\":\"Badhotel Renesse\"},\"image\":{\"@id\":\"https:\/\/www.badhotelrenesse.nl\/fr\/#\/schema\/logo\/image\/\"},\"sameAs\":[\"https:\/\/nl-nl.facebook.com\/badhotel.renesse\",\"https:\/\/x.com\/badhotelrenesse\",\"http:\/\/www.youtube.com\/user\/badhotelrenesse\"]}]}<\/script>\n<!-- \/ Yoast SEO plugin. -->","yoast_head_json":{"title":"F\u00eates Zeeland - Badhotel Renesse","robots":{"index":"index","follow":"follow","max-snippet":"max-snippet:-1","max-image-preview":"max-image-preview:large","max-video-preview":"max-video-preview:-1"},"canonical":"https:\/\/www.badhotelrenesse.nl\/fr\/fetes-zeeland\/","og_locale":"fr_FR","og_type":"article","og_title":"F\u00eates Zeeland - Badhotel Renesse","og_url":"https:\/\/www.badhotelrenesse.nl\/fr\/fetes-zeeland\/","og_site_name":"Badhotel Renesse","article_publisher":"https:\/\/nl-nl.facebook.com\/badhotel.renesse","article_modified_time":"2026-03-10T08:46:20+00:00","twitter_card":"summary_large_image","twitter_site":"@badhotelrenesse","twitter_misc":{"Est. reading time":"5 minutes"},"schema":{"@context":"https:\/\/schema.org","@graph":[{"@type":"WebPage","@id":"https:\/\/www.badhotelrenesse.nl\/fr\/fetes-zeeland\/","url":"https:\/\/www.badhotelrenesse.nl\/fr\/fetes-zeeland\/","name":"F\u00eates Zeeland - Badhotel Renesse","isPartOf":{"@id":"https:\/\/www.badhotelrenesse.nl\/fr\/#website"},"datePublished":"2016-11-04T09:20:23+00:00","dateModified":"2026-03-10T08:46:20+00:00","breadcrumb":{"@id":"https:\/\/www.badhotelrenesse.nl\/fr\/fetes-zeeland\/#breadcrumb"},"inLanguage":"fr-FR","potentialAction":[{"@type":"ReadAction","target":["https:\/\/www.badhotelrenesse.nl\/fr\/fetes-zeeland\/"]}]},{"@type":"BreadcrumbList","@id":"https:\/\/www.badhotelrenesse.nl\/fr\/fetes-zeeland\/#breadcrumb","itemListElement":[{"@type":"ListItem","position":1,"name":"Home","item":"https:\/\/www.badhotelrenesse.nl\/fr\/home\/"},{"@type":"ListItem","position":2,"name":"F\u00eates Zeeland"}]},{"@type":"WebSite","@id":"https:\/\/www.badhotelrenesse.nl\/fr\/#website","url":"https:\/\/www.badhotelrenesse.nl\/fr\/","name":"Badhotel Renesse","description":"Hotel in Zeeland","publisher":{"@id":"https:\/\/www.badhotelrenesse.nl\/fr\/#organization"},"potentialAction":[{"@type":"SearchAction","target":{"@type":"EntryPoint","urlTemplate":"https:\/\/www.badhotelrenesse.nl\/fr\/?s={search_term_string}"},"query-input":{"@type":"PropertyValueSpecification","valueRequired":true,"valueName":"search_term_string"}}],"inLanguage":"fr-FR"},{"@type":"Organization","@id":"https:\/\/www.badhotelrenesse.nl\/fr\/#organization","name":"Badhotel Renesse","url":"https:\/\/www.badhotelrenesse.nl\/fr\/","logo":{"@type":"ImageObject","inLanguage":"fr-FR","@id":"https:\/\/www.badhotelrenesse.nl\/fr\/#\/schema\/logo\/image\/","url":"https:\/\/www.badhotelrenesse.nl\/wp-content\/uploads\/2016\/06\/Logo-Badhotel-Renesse-large.png","contentUrl":"https:\/\/www.badhotelrenesse.nl\/wp-content\/uploads\/2016\/06\/Logo-Badhotel-Renesse-large.png","width":200,"height":200,"caption":"Badhotel Renesse"},"image":{"@id":"https:\/\/www.badhotelrenesse.nl\/fr\/#\/schema\/logo\/image\/"},"sameAs":["https:\/\/nl-nl.facebook.com\/badhotel.renesse","https:\/\/x.com\/badhotelrenesse","http:\/\/www.youtube.com\/user\/badhotelrenesse"]}]}},"_links":{"self":[{"href":"https:\/\/www.badhotelrenesse.nl\/fr\/wp-json\/wp\/v2\/pages\/548","targetHints":{"allow":["GET"]}}],"collection":[{"href":"https:\/\/www.badhotelrenesse.nl\/fr\/wp-json\/wp\/v2\/pages"}],"about":[{"href":"https:\/\/www.badhotelrenesse.nl\/fr\/wp-json\/wp\/v2\/types\/page"}],"author":[{"embeddable":true,"href":"https:\/\/www.badhotelrenesse.nl\/fr\/wp-json\/wp\/v2\/users\/21"}],"replies":[{"embeddable":true,"href":"https:\/\/www.badhotelrenesse.nl\/fr\/wp-json\/wp\/v2\/comments?post=548"}],"version-history":[{"count":0,"href":"https:\/\/www.badhotelrenesse.nl\/fr\/wp-json\/wp\/v2\/pages\/548\/revisions"}],"wp:attachment":[{"href":"https:\/\/www.badhotelrenesse.nl\/fr\/wp-json\/wp\/v2\/media?parent=548"}],"curies":[{"name":"wp","href":"https:\/\/api.w.org\/{rel}","templated":true}]}}